{"id":4891,"date":"2023-05-04T15:05:22","date_gmt":"2023-05-04T13:05:22","guid":{"rendered":"https:\/\/dev.tierschutz.com\/?page_id=4891"},"modified":"2025-09-29T12:34:35","modified_gmt":"2025-09-29T10:34:35","slug":"animaux-sauvages","status":"publish","type":"page","link":"https:\/\/mail.protezione-animali-psa.ch\/fr\/protection-des-animaux\/rubriques\/animaux-sauvages\/","title":{"rendered":"Animaux sauvages"},"content":{"rendered":"\n<div class=\"wp-block-cover alignfull is-light\" style=\"min-height:100vh;aspect-ratio:unset;\"><img loading=\"lazy\" decoding=\"async\" width=\"1416\" height=\"910\" class=\"wp-block-cover__image-background wp-image-1630\" alt=\"Ein liegender Wolt mit erhobenem Kopf und im Hintergrund sind mehrere Holzst\u00e4mme\" src=\"https:\/\/tierschutz.com\/app\/uploads\/2023\/05\/STS-Wildtiere-Wolf.jpg\" style=\"object-position:50% 50%\" data-object-fit=\"cover\" data-object-position=\"50% 50%\" srcset=\"https:\/\/mail.protezione-animali-psa.ch\/app\/uploads\/2023\/05\/STS-Wildtiere-Wolf.jpg 1416w, https:\/\/mail.protezione-animali-psa.ch\/app\/uploads\/2023\/05\/STS-Wildtiere-Wolf-300x193.jpg 300w, https:\/\/mail.protezione-animali-psa.ch\/app\/uploads\/2023\/05\/STS-Wildtiere-Wolf-1024x658.jpg 1024w, https:\/\/mail.protezione-animali-psa.ch\/app\/uploads\/2023\/05\/STS-Wildtiere-Wolf-768x494.jpg 768w\" sizes=\"auto, (max-width: 1416px) 100vw, 1416px\" \/><span aria-hidden=\"true\" class=\"wp-block-cover__background has-foreground-background-color has-background-dim-30 has-background-dim\"><\/span><div class=\"wp-block-cover__inner-container is-layout-flow wp-block-cover-is-layout-flow\">\n<h1 class=\"wp-block-heading has-text-align-center has-background-color has-text-color\" id=\"h-animaux-sauvages\" style=\"font-size:4.5em\"><strong>Animaux sauvages<\/strong><\/h1>\n<\/div><\/div>\n\n\n\n<div class=\"wp-block-group alignfull anchor-bar has-lightgray-background-color has-background is-layout-constrained wp-block-group-is-layout-constrained\">\n<div class=\"wp-block-group is-content-justification-space-between is-layout-flex wp-container-core-group-is-layout-9366075c wp-block-group-is-layout-flex\">\n<p class=\"has-large-font-size\"><strong><a href=\"#wildtiere\">Chasse<\/a><\/strong><\/p>\n\n\n\n<p class=\"has-large-font-size\"><strong><a href=\"#wildtiere\">La faune sauvage en danger<\/a><\/strong><\/p>\n\n\n\n<p class=\"has-large-font-size\"><strong><a href=\"#wilde-nachbaren\">Voisins sauvages<\/a><\/strong><\/p>\n\n\n\n<p class=\"has-large-font-size\"><strong><a href=\"#brieftaubensport\">Pigeon voyageur<\/a><\/strong><\/p>\n\n\n\n<p class=\"has-large-font-size\"><strong><a href=\"#7-congres\">7<sup>e<\/sup> congr\u00e8s PSA sur les animaux sauvages<\/a><\/strong><\/p>\n<\/div>\n<\/div>\n\n\n\n<div class=\"wp-block-group alignfull has-background-background-color has-background is-layout-constrained wp-block-group-is-layout-constrained\"><div class=\"yoast-breadcrumbs\"><span><span><a href=\"https:\/\/mail.schweizer-tierschutz.ch\/fr\/\">Page d\u2019accueil<\/a><\/span> \u00bb <span><a href=\"https:\/\/mail.protezione-animali-psa.ch\/fr\/protection-des-animaux\/\">Protection des animaux\u00a0<\/a><\/span> \u00bb <span><a href=\"https:\/\/tierschutz.com\/fr\/protection-des-animaux\/rubriques\/\">Rubriques<\/a><\/span> \u00bb <span class=\"breadcrumb_last\" aria-current=\"page\">Animaux sauvages<\/span><\/span><\/div>\n\n\n<h1 class=\"wp-block-heading has-text-align-center\" id=\"h-animaux-sauvages-0\"><strong><strong>Animaux sauvages<\/strong><\/strong><\/h1>\n\n\n\n<hr class=\"wp-block-separator has-text-color has-primary-color has-alpha-channel-opacity has-primary-background-color has-background\"\/>\n\n\n\n<p class=\"has-text-align-center\">La PSA s&#8217;occupe aussi des animaux sauvages. Elle est n\u00e9cessaire partout o\u00f9 les animaux sauvages et les hommes se rencontrent et partout o\u00f9 les animaux sauvages sont affect\u00e9s par l&#8217;homme. Dans le domaine de la chasse, la Protection Suisse des Animaux PSA se bat pour une interdiction des pratiques de chasse particuli\u00e8rement cruelles pour les animaux, comme la chasse au terrier, tr\u00e8s d\u00e9cri\u00e9e, et pour une limitation des battues. Dans l&#8217;agriculture, la Protection Suisse des Animaux PSA lutte contre les cl\u00f4tures et les filets de vigne dangereux. Elle s&#8217;engage en outre contre le traitement irrespectueux des poissons.<br><br><\/p>\n\n\n\n<p class=\"has-text-align-center\">De nombreux animaux sauvages accident\u00e9s ou malades ainsi que des b\u00e9b\u00e9s animaux sauvages orphelins ont besoin d&#8217;une aide humaine. La Protection Suisse des Animaux PSA soutient techniquement et financi\u00e8rement le travail des stations de soins pour animaux et oiseaux sauvages de ses sections et contribue ainsi \u00e0 ce que d&#8217;innombrables animaux sauvages puissent \u00eatre remis en libert\u00e9 en bonne sant\u00e9. La Protection Suisse des Animaux PSA encourage le respect de nos voisins sauvages, comme la martre, le loir, le h\u00e9risson ou les corneilles, et montre quelles mesures permettent de soutenir et d&#8217;encourager nos animaux sauvages.<\/p>\n\n\n\n<p class=\"has-text-align-center\">La Protection Suisse des Animaux PSA n&#8217;accepte pas que des animaux sauvages doivent vivre dans des conditions indignes et cruelles dans des zoos, des parcs animaliers et des cirques uniquement pour le profit. Elle ne tol\u00e8re que des syst\u00e8mes de d\u00e9tention respectueux des animaux, dans lesquels les animaux peuvent se comporter de mani\u00e8re naturelle et conforme \u00e0 leur esp\u00e8ce. Le rapport de la PSA sur les zoos montre o\u00f9 en sont les zoos et les parcs animaliers suisses \u00e0 cet \u00e9gard. La Protection Suisse des Animaux PSA se bat en outre pour des conditions plus strictes lors de l&#8217;importation de sp\u00e9cimens sauvages, car des centaines de milliers d&#8217;animaux exotiques meurent chaque ann\u00e9e lors de leur capture et de leur transport.<\/p>\n<\/div>\n\n\n\n<div class=\"wp-block-group has-background-background-color has-background is-layout-constrained wp-block-group-is-layout-constrained\">\n<div class=\"wp-block-columns is-layout-flex wp-container-core-columns-is-layout-28f84493 wp-block-columns-is-layout-flex\">\n<div class=\"wp-block-column is-layout-flow wp-block-column-is-layout-flow\" id=\"jagd\">\n<div class=\"wp-block-media-text alignwide is-stacked-on-mobile is-style-stacked-shadow no-inset\"><figure class=\"wp-block-media-text__media\"><img decoding=\"async\" src=\"https:\/\/tierschutz.com\/app\/uploads\/2025\/09\/Jahresbericht-2023_DE-724x1024.jpg\" alt=\"\" class=\"wp-image-34454 size-full\"\/><\/figure><div class=\"wp-block-media-text__content\">\n<h3 class=\"wp-block-heading\" id=\"h-chasse\"><strong>Chasse<\/strong><\/h3>\n\n\n\n<p>Il est n\u00e9cessaire que la protection des animaux sauvages se penche sur la chasse et inversement. Pour la Protection Suisse des Animaux PSA, il s&#8217;agit en premier lieu de d\u00e9terminer o\u00f9, du point de vue de la protection des animaux, il y a lieu d&#8217;agir et\/ou de porter une attention particuli\u00e8re \u00e0 la chasse.<\/p>\n\n\n\n<div class=\"wp-block-buttons is-layout-flex wp-block-buttons-is-layout-flex\">\n<div class=\"wp-block-button\"><a class=\"wp-block-button__link wp-element-button\" href=\"https:\/\/tierschutz.com\/fr\/protection-des-animaux\/rubriques\/animaux-sauvages\/chasse\/\">En savoir plus<\/a><\/div>\n<\/div>\n<\/div><\/div>\n<\/div>\n\n\n\n<div class=\"wp-block-column is-layout-flow wp-block-column-is-layout-flow\" id=\"wildtiere\">\n<div class=\"wp-block-media-text alignwide is-stacked-on-mobile is-style-stacked-shadow no-inset\"><figure class=\"wp-block-media-text__media\"><img decoding=\"async\" src=\"https:\/\/tierschutz.com\/app\/uploads\/2023\/06\/sts-wildtiere-in-gefahr-1024x683.jpg\" alt=\"\" class=\"wp-image-3857 size-full\"\/><\/figure><div class=\"wp-block-media-text__content\">\n<h3 class=\"wp-block-heading\" id=\"h-la-faune-sauvage-en-danger\"><strong>La faune sauvage en danger<\/strong><\/h3>\n\n\n\n<p>Dans les pays dens\u00e9ment peupl\u00e9s et soumis \u00e0 une agriculture intensive comme la Suisse, l&#8217;impact des activit\u00e9s humaines sur la faune est omnipr\u00e9sent. Les animaux sauvages ne vivent plus dans une nature intacte et sont expos\u00e9s \u00e0 divers dangers directs et indirects.<\/p>\n\n\n\n<div class=\"wp-block-buttons is-layout-flex wp-block-buttons-is-layout-flex\">\n<div class=\"wp-block-button\"><a class=\"wp-block-button__link wp-element-button\" href=\"https:\/\/tierschutz.com\/fr\/protection-des-animaux\/rubriques\/animaux-sauvages\/animaux-sauvages-en-danger\/\">En savoir plus<\/a><\/div>\n<\/div>\n<\/div><\/div>\n<\/div>\n<\/div>\n\n\n\n<div class=\"wp-block-columns is-layout-flex wp-container-core-columns-is-layout-28f84493 wp-block-columns-is-layout-flex\">\n<div class=\"wp-block-column is-layout-flow wp-block-column-is-layout-flow\" id=\"wilde-nachbaren\">\n<div class=\"wp-block-media-text alignwide is-stacked-on-mobile is-style-stacked-shadow no-inset\"><figure class=\"wp-block-media-text__media\"><img loading=\"lazy\" decoding=\"async\" width=\"1024\" height=\"676\" src=\"https:\/\/tierschutz.com\/app\/uploads\/2023\/06\/sts-wilde-nachbaren-1024x676.jpg\" alt=\"\" class=\"wp-image-3848 size-full\" srcset=\"https:\/\/mail.protezione-animali-psa.ch\/app\/uploads\/2023\/06\/sts-wilde-nachbaren-1024x676.jpg 1024w, https:\/\/mail.protezione-animali-psa.ch\/app\/uploads\/2023\/06\/sts-wilde-nachbaren-300x198.jpg 300w, https:\/\/mail.protezione-animali-psa.ch\/app\/uploads\/2023\/06\/sts-wilde-nachbaren-768x507.jpg 768w, https:\/\/mail.protezione-animali-psa.ch\/app\/uploads\/2023\/06\/sts-wilde-nachbaren-1536x1015.jpg 1536w, https:\/\/mail.protezione-animali-psa.ch\/app\/uploads\/2023\/06\/sts-wilde-nachbaren-2048x1353.jpg 2048w\" sizes=\"auto, (max-width: 1024px) 100vw, 1024px\" \/><\/figure><div class=\"wp-block-media-text__content\">\n<h3 class=\"wp-block-heading\" id=\"h-voisins-sauvages\"><strong>Voisins sauvages<\/strong><\/h3>\n\n\n\n<p>Nous sommes entour\u00e9s d&#8217;animaux sauvages. M\u00eame dans les villes, les animaux sauvages parviennent de plus en plus \u00e0 utiliser cet espace vital et \u00e0 le partager avec nous. La pr\u00e9sence de ces animaux devrait nous r\u00e9jouir, elle nous r\u00e9v\u00e8le notre lien avec la nature.<\/p>\n\n\n\n<div class=\"wp-block-buttons is-layout-flex wp-block-buttons-is-layout-flex\">\n<div class=\"wp-block-button\"><a class=\"wp-block-button__link wp-element-button\" href=\"https:\/\/tierschutz.com\/fr\/protection-des-animaux\/rubriques\/animaux-sauvages\/voisins-sauvages\/\">En savoir plus<\/a><\/div>\n<\/div>\n<\/div><\/div>\n<\/div>\n\n\n\n<div class=\"wp-block-column is-layout-flow wp-block-column-is-layout-flow\" id=\"brieftaubensport\">\n<div class=\"wp-block-media-text alignwide is-stacked-on-mobile is-style-stacked-shadow no-inset\"><figure class=\"wp-block-media-text__media\"><img decoding=\"async\" src=\"https:\/\/tierschutz.com\/app\/uploads\/2023\/06\/sts-brieftauben-1024x768.jpg\" alt=\"\" class=\"wp-image-3851 size-full\"\/><\/figure><div class=\"wp-block-media-text__content\">\n<h3 class=\"wp-block-heading\" id=\"h-pigeon-voyageur\"><strong>Pigeon voyageur<\/strong><\/h3>\n\n\n\n<p>En Suisse, les pigeons sont \u00e9galement utilis\u00e9s pour les courses. Beaucoup ignorent qu&#8217;\u00e0 peine la moiti\u00e9 d&#8217;entre eux retournent dans les colombiers de leurs propri\u00e9taires.<\/p>\n\n\n\n<div class=\"wp-block-buttons is-layout-flex wp-block-buttons-is-layout-flex\">\n<div class=\"wp-block-button\"><a class=\"wp-block-button__link wp-element-button\" href=\"https:\/\/tierschutz.com\/fr\/protection-des-animaux\/rubriques\/animaux-sauvages\/pigeon-voyageur\/\">En savoir plus<\/a><\/div>\n<\/div>\n<\/div><\/div>\n<\/div>\n<\/div>\n\n\n\n<div class=\"wp-block-columns is-layout-flex wp-container-core-columns-is-layout-28f84493 wp-block-columns-is-layout-flex\">\n<div class=\"wp-block-column is-layout-flow wp-block-column-is-layout-flow\" id=\"7-congres\">\n<div class=\"wp-block-media-text alignwide is-stacked-on-mobile is-style-stacked-shadow no-inset\"><figure class=\"wp-block-media-text__media\"><img loading=\"lazy\" decoding=\"async\" width=\"1024\" height=\"658\" src=\"https:\/\/tierschutz.com\/app\/uploads\/2023\/05\/STS-Themen-Igel-1024x658.jpg\" alt=\"Zwei Igel die eingerollt zusammengekuschelt auf Bl\u00e4ttern liegen\" class=\"wp-image-1615 size-full\" srcset=\"https:\/\/mail.protezione-animali-psa.ch\/app\/uploads\/2023\/05\/STS-Themen-Igel-1024x658.jpg 1024w, https:\/\/mail.protezione-animali-psa.ch\/app\/uploads\/2023\/05\/STS-Themen-Igel-300x193.jpg 300w, https:\/\/mail.protezione-animali-psa.ch\/app\/uploads\/2023\/05\/STS-Themen-Igel-768x494.jpg 768w, https:\/\/mail.protezione-animali-psa.ch\/app\/uploads\/2023\/05\/STS-Themen-Igel.jpg 1416w\" sizes=\"auto, (max-width: 1024px) 100vw, 1024px\" \/><\/figure><div class=\"wp-block-media-text__content\">\n<h3 class=\"wp-block-heading\" id=\"h-7-e-congres-psa-sur-les-animaux-sauvages\"><strong>7<sup>e<\/sup> congr\u00e8s PSA sur les animaux sauvages<\/strong><\/h3>\n\n\n\n<p><strong>H\u00e9rissons en d\u00e9tresse Comment aider nos voisins sauvages?<\/strong><\/p>\n\n\n\n<p>Nous qui avons acc\u00e8s aux jardins et surfaces vertes pouvons apporter une contribution importante pour am\u00e9liorer la qualit\u00e9 de vie des h\u00e9rissons en tant qu\u2019utilisateurs animaux de ces habitats.<\/p>\n\n\n\n<p>Vendredi <strong>3 mai 2024, <\/strong>Kongresszentrum Hotel Arte, Olten et via Zoom<\/p>\n\n\n\n<div class=\"wp-block-buttons is-layout-flex wp-block-buttons-is-layout-flex\">\n<div class=\"wp-block-button\"><a class=\"wp-block-button__link wp-element-button\" href=\"https:\/\/tierschutz.com\/fr\/multimedia-psa\/newsroom\/evenements\/7e-congres-psa-sur-les-animaux-sauvages\/\">Vers l&#8217;\u00e9v\u00e9nement<\/a><\/div>\n<\/div>\n<\/div><\/div>\n<\/div>\n\n\n\n<div class=\"wp-block-column is-layout-flow wp-block-column-is-layout-flow\"><\/div>\n<\/div>\n<\/div>\n","protected":false},"excerpt":{"rendered":"<p>Chasse La faune sauvage en danger Voisins sauvages Pigeon voyageur 7e congr\u00e8s PSA sur les animaux sauvages Animaux sauvages La [&hellip;]<\/p>\n","protected":false},"author":5,"featured_media":0,"parent":4302,"menu_order":388,"comment_status":"closed","ping_status":"closed","template":"","meta":{"_acf_changed":false,"inline_featured_image":false,"_vp_format_video_url":"","_vp_image_focal_point":[],"footnotes":""},"class_list":["post-4891","page","type-page","status-publish","hentry"],"acf":[],"yoast_head":"<!-- This site is optimized with the Yoast SEO Premium plugin v27.4 (Yoast SEO v27.4) - https:\/\/yoast.com\/product\/yoast-seo-premium-wordpress\/ -->\n<title>Animaux sauvages - Protection Suisse des Animaux PSA<\/title>\n<meta name=\"robots\" content=\"index, follow, max-snippet:-1, max-image-preview:large, max-video-preview:-1\" \/>\n<link rel=\"canonical\" href=\"https:\/\/mail.protezione-animali-psa.ch\/fr\/protection-des-animaux\/rubriques\/animaux-sauvages\/\" \/>\n<meta property=\"og:locale\" content=\"fr_FR\" \/>\n<meta property=\"og:type\" content=\"article\" \/>\n<meta property=\"og:title\" content=\"Animaux sauvages\" \/>\n<meta property=\"og:description\" content=\"Chasse La faune sauvage en danger Voisins sauvages Pigeon voyageur 7e congr\u00e8s PSA sur les animaux sauvages Animaux sauvages La [&hellip;]\" \/>\n<meta property=\"og:url\" content=\"https:\/\/mail.protezione-animali-psa.ch\/fr\/protection-des-animaux\/rubriques\/animaux-sauvages\/\" \/>\n<meta property=\"og:site_name\" content=\"Protection Suisse des Animaux PSA\" \/>\n<meta property=\"article:publisher\" content=\"https:\/\/www.facebook.com\/schweizertierschutz\/\" \/>\n<meta property=\"article:modified_time\" content=\"2025-09-29T10:34:35+00:00\" \/>\n<meta property=\"og:image\" content=\"https:\/\/tierschutz.com\/app\/uploads\/2023\/05\/STS-Wildtiere-Wolf.jpg\" \/>\n<meta name=\"twitter:card\" content=\"summary_large_image\" \/>\n<meta name=\"twitter:label1\" content=\"Dur\u00e9e de lecture estim\u00e9e\" \/>\n\t<meta name=\"twitter:data1\" content=\"5 minutes\" \/>\n<script type=\"application\/ld+json\" class=\"yoast-schema-graph\">{\"@context\":\"https:\\\/\\\/schema.org\",\"@graph\":[{\"@type\":\"WebPage\",\"@id\":\"https:\\\/\\\/mail.protezione-animali-psa.ch\\\/fr\\\/protection-des-animaux\\\/rubriques\\\/animaux-sauvages\\\/\",\"url\":\"https:\\\/\\\/mail.protezione-animali-psa.ch\\\/fr\\\/protection-des-animaux\\\/rubriques\\\/animaux-sauvages\\\/\",\"name\":\"Animaux sauvages - Protection Suisse des Animaux PSA\",\"isPartOf\":{\"@id\":\"https:\\\/\\\/sts-psa.ch\\\/fr\\\/#website\"},\"primaryImageOfPage\":{\"@id\":\"https:\\\/\\\/mail.protezione-animali-psa.ch\\\/fr\\\/protection-des-animaux\\\/rubriques\\\/animaux-sauvages\\\/#primaryimage\"},\"image\":{\"@id\":\"https:\\\/\\\/mail.protezione-animali-psa.ch\\\/fr\\\/protection-des-animaux\\\/rubriques\\\/animaux-sauvages\\\/#primaryimage\"},\"thumbnailUrl\":\"https:\\\/\\\/tierschutz.com\\\/app\\\/uploads\\\/2023\\\/05\\\/STS-Wildtiere-Wolf.jpg\",\"datePublished\":\"2023-05-04T13:05:22+00:00\",\"dateModified\":\"2025-09-29T10:34:35+00:00\",\"breadcrumb\":{\"@id\":\"https:\\\/\\\/mail.protezione-animali-psa.ch\\\/fr\\\/protection-des-animaux\\\/rubriques\\\/animaux-sauvages\\\/#breadcrumb\"},\"inLanguage\":\"fr-FR\",\"potentialAction\":[{\"@type\":\"ReadAction\",\"target\":[\"https:\\\/\\\/mail.protezione-animali-psa.ch\\\/fr\\\/protection-des-animaux\\\/rubriques\\\/animaux-sauvages\\\/\"]}]},{\"@type\":\"ImageObject\",\"inLanguage\":\"fr-FR\",\"@id\":\"https:\\\/\\\/mail.protezione-animali-psa.ch\\\/fr\\\/protection-des-animaux\\\/rubriques\\\/animaux-sauvages\\\/#primaryimage\",\"url\":\"https:\\\/\\\/tierschutz.com\\\/app\\\/uploads\\\/2023\\\/05\\\/STS-Wildtiere-Wolf.jpg\",\"contentUrl\":\"https:\\\/\\\/tierschutz.com\\\/app\\\/uploads\\\/2023\\\/05\\\/STS-Wildtiere-Wolf.jpg\"},{\"@type\":\"BreadcrumbList\",\"@id\":\"https:\\\/\\\/mail.protezione-animali-psa.ch\\\/fr\\\/protection-des-animaux\\\/rubriques\\\/animaux-sauvages\\\/#breadcrumb\",\"itemListElement\":[{\"@type\":\"ListItem\",\"position\":1,\"name\":\"Page d\u2019accueil\",\"item\":\"https:\\\/\\\/mail.schweizer-tierschutz.ch\\\/fr\\\/\"},{\"@type\":\"ListItem\",\"position\":2,\"name\":\"Protection des animaux\u00a0\",\"item\":\"https:\\\/\\\/mail.protezione-animali-psa.ch\\\/fr\\\/protection-des-animaux\\\/\"},{\"@type\":\"ListItem\",\"position\":3,\"name\":\"Rubriques\",\"item\":\"https:\\\/\\\/tierschutz.com\\\/fr\\\/protection-des-animaux\\\/rubriques\\\/\"},{\"@type\":\"ListItem\",\"position\":4,\"name\":\"Animaux sauvages\"}]},{\"@type\":\"WebSite\",\"@id\":\"https:\\\/\\\/sts-psa.ch\\\/fr\\\/#website\",\"url\":\"https:\\\/\\\/sts-psa.ch\\\/fr\\\/\",\"name\":\"tierschutz.com\",\"description\":\"Wir setzen uns f\u00fcr das Wohl der Tiere ein.\",\"publisher\":{\"@id\":\"https:\\\/\\\/sts-psa.ch\\\/fr\\\/#organization\"},\"alternateName\":\"Schweizer Tierschutz STS\",\"potentialAction\":[{\"@type\":\"SearchAction\",\"target\":{\"@type\":\"EntryPoint\",\"urlTemplate\":\"https:\\\/\\\/sts-psa.ch\\\/fr\\\/?s={search_term_string}\"},\"query-input\":{\"@type\":\"PropertyValueSpecification\",\"valueRequired\":true,\"valueName\":\"search_term_string\"}}],\"inLanguage\":\"fr-FR\"},{\"@type\":\"Organization\",\"@id\":\"https:\\\/\\\/sts-psa.ch\\\/fr\\\/#organization\",\"name\":\"Schweizer Tierschutz STS\",\"alternateName\":\"STS\",\"url\":\"https:\\\/\\\/sts-psa.ch\\\/fr\\\/\",\"logo\":{\"@type\":\"ImageObject\",\"inLanguage\":\"fr-FR\",\"@id\":\"https:\\\/\\\/sts-psa.ch\\\/fr\\\/#\\\/schema\\\/logo\\\/image\\\/\",\"url\":\"https:\\\/\\\/mail.protezione-animali-psa.ch\\\/app\\\/uploads\\\/2024\\\/04\\\/logo-schweizer-tierschutz-sts-1.svg\",\"contentUrl\":\"https:\\\/\\\/mail.protezione-animali-psa.ch\\\/app\\\/uploads\\\/2024\\\/04\\\/logo-schweizer-tierschutz-sts-1.svg\",\"caption\":\"Schweizer Tierschutz STS\"},\"image\":{\"@id\":\"https:\\\/\\\/sts-psa.ch\\\/fr\\\/#\\\/schema\\\/logo\\\/image\\\/\"},\"sameAs\":[\"https:\\\/\\\/www.facebook.com\\\/schweizertierschutz\\\/\",\"https:\\\/\\\/www.instagram.com\\\/schweizertierschutzsts\\\/\",\"https:\\\/\\\/www.youtube.com\\\/@STS_Tierschutz\",\"https:\\\/\\\/www.linkedin.com\\\/company\\\/schweizertierschutzsts\\\/\"],\"description\":\"Der Schweizer Tierschutz STS ist der Dachverband von 71 Tierschutzorganisationen in allen Sprachregionen der Schweiz und in Liechtenstein. Seine Mitarbeitenden leisten wissenschaftlich fundierte Grundlagenarbeit, setzen sich mit Projekten und Aktionen f\u00fcr den Schutz und das Wohlbefinden von Heim-, Wild-, Nutz- und Versuchstieren ein und sensibilisieren die \u00d6ffentlichkeit f\u00fcr Tierschutzthemen.\",\"email\":\"sts@tierschutz.com\",\"telephone\":\"061 365 99 99\",\"legalName\":\"Schweizer Tierschutz STS\"}]}<\/script>\n<!-- \/ Yoast SEO Premium plugin. -->","yoast_head_json":{"title":"Animaux sauvages - Protection Suisse des Animaux PSA","robots":{"index":"index","follow":"follow","max-snippet":"max-snippet:-1","max-image-preview":"max-image-preview:large","max-video-preview":"max-video-preview:-1"},"canonical":"https:\/\/mail.protezione-animali-psa.ch\/fr\/protection-des-animaux\/rubriques\/animaux-sauvages\/","og_locale":"fr_FR","og_type":"article","og_title":"Animaux sauvages","og_description":"Chasse La faune sauvage en danger Voisins sauvages Pigeon voyageur 7e congr\u00e8s PSA sur les animaux sauvages Animaux sauvages La [&hellip;]","og_url":"https:\/\/mail.protezione-animali-psa.ch\/fr\/protection-des-animaux\/rubriques\/animaux-sauvages\/","og_site_name":"Protection Suisse des Animaux PSA","article_publisher":"https:\/\/www.facebook.com\/schweizertierschutz\/","article_modified_time":"2025-09-29T10:34:35+00:00","og_image":[{"url":"https:\/\/tierschutz.com\/app\/uploads\/2023\/05\/STS-Wildtiere-Wolf.jpg","type":"","width":"","height":""}],"twitter_card":"summary_large_image","twitter_misc":{"Dur\u00e9e de lecture estim\u00e9e":"5 minutes"},"schema":{"@context":"https:\/\/schema.org","@graph":[{"@type":"WebPage","@id":"https:\/\/mail.protezione-animali-psa.ch\/fr\/protection-des-animaux\/rubriques\/animaux-sauvages\/","url":"https:\/\/mail.protezione-animali-psa.ch\/fr\/protection-des-animaux\/rubriques\/animaux-sauvages\/","name":"Animaux sauvages - Protection Suisse des Animaux PSA","isPartOf":{"@id":"https:\/\/sts-psa.ch\/fr\/#website"},"primaryImageOfPage":{"@id":"https:\/\/mail.protezione-animali-psa.ch\/fr\/protection-des-animaux\/rubriques\/animaux-sauvages\/#primaryimage"},"image":{"@id":"https:\/\/mail.protezione-animali-psa.ch\/fr\/protection-des-animaux\/rubriques\/animaux-sauvages\/#primaryimage"},"thumbnailUrl":"https:\/\/tierschutz.com\/app\/uploads\/2023\/05\/STS-Wildtiere-Wolf.jpg","datePublished":"2023-05-04T13:05:22+00:00","dateModified":"2025-09-29T10:34:35+00:00","breadcrumb":{"@id":"https:\/\/mail.protezione-animali-psa.ch\/fr\/protection-des-animaux\/rubriques\/animaux-sauvages\/#breadcrumb"},"inLanguage":"fr-FR","potentialAction":[{"@type":"ReadAction","target":["https:\/\/mail.protezione-animali-psa.ch\/fr\/protection-des-animaux\/rubriques\/animaux-sauvages\/"]}]},{"@type":"ImageObject","inLanguage":"fr-FR","@id":"https:\/\/mail.protezione-animali-psa.ch\/fr\/protection-des-animaux\/rubriques\/animaux-sauvages\/#primaryimage","url":"https:\/\/tierschutz.com\/app\/uploads\/2023\/05\/STS-Wildtiere-Wolf.jpg","contentUrl":"https:\/\/tierschutz.com\/app\/uploads\/2023\/05\/STS-Wildtiere-Wolf.jpg"},{"@type":"BreadcrumbList","@id":"https:\/\/mail.protezione-animali-psa.ch\/fr\/protection-des-animaux\/rubriques\/animaux-sauvages\/#breadcrumb","itemListElement":[{"@type":"ListItem","position":1,"name":"Page d\u2019accueil","item":"https:\/\/mail.schweizer-tierschutz.ch\/fr\/"},{"@type":"ListItem","position":2,"name":"Protection des animaux\u00a0","item":"https:\/\/mail.protezione-animali-psa.ch\/fr\/protection-des-animaux\/"},{"@type":"ListItem","position":3,"name":"Rubriques","item":"https:\/\/tierschutz.com\/fr\/protection-des-animaux\/rubriques\/"},{"@type":"ListItem","position":4,"name":"Animaux sauvages"}]},{"@type":"WebSite","@id":"https:\/\/sts-psa.ch\/fr\/#website","url":"https:\/\/sts-psa.ch\/fr\/","name":"tierschutz.com","description":"Wir setzen uns f\u00fcr das Wohl der Tiere ein.","publisher":{"@id":"https:\/\/sts-psa.ch\/fr\/#organization"},"alternateName":"Schweizer Tierschutz STS","potentialAction":[{"@type":"SearchAction","target":{"@type":"EntryPoint","urlTemplate":"https:\/\/sts-psa.ch\/fr\/?s={search_term_string}"},"query-input":{"@type":"PropertyValueSpecification","valueRequired":true,"valueName":"search_term_string"}}],"inLanguage":"fr-FR"},{"@type":"Organization","@id":"https:\/\/sts-psa.ch\/fr\/#organization","name":"Schweizer Tierschutz STS","alternateName":"STS","url":"https:\/\/sts-psa.ch\/fr\/","logo":{"@type":"ImageObject","inLanguage":"fr-FR","@id":"https:\/\/sts-psa.ch\/fr\/#\/schema\/logo\/image\/","url":"https:\/\/mail.protezione-animali-psa.ch\/app\/uploads\/2024\/04\/logo-schweizer-tierschutz-sts-1.svg","contentUrl":"https:\/\/mail.protezione-animali-psa.ch\/app\/uploads\/2024\/04\/logo-schweizer-tierschutz-sts-1.svg","caption":"Schweizer Tierschutz STS"},"image":{"@id":"https:\/\/sts-psa.ch\/fr\/#\/schema\/logo\/image\/"},"sameAs":["https:\/\/www.facebook.com\/schweizertierschutz\/","https:\/\/www.instagram.com\/schweizertierschutzsts\/","https:\/\/www.youtube.com\/@STS_Tierschutz","https:\/\/www.linkedin.com\/company\/schweizertierschutzsts\/"],"description":"Der Schweizer Tierschutz STS ist der Dachverband von 71 Tierschutzorganisationen in allen Sprachregionen der Schweiz und in Liechtenstein. Seine Mitarbeitenden leisten wissenschaftlich fundierte Grundlagenarbeit, setzen sich mit Projekten und Aktionen f\u00fcr den Schutz und das Wohlbefinden von Heim-, Wild-, Nutz- und Versuchstieren ein und sensibilisieren die \u00d6ffentlichkeit f\u00fcr Tierschutzthemen.","email":"sts@tierschutz.com","telephone":"061 365 99 99","legalName":"Schweizer Tierschutz STS"}]}},"_links":{"self":[{"href":"https:\/\/mail.protezione-animali-psa.ch\/fr\/wp-json\/wp\/v2\/pages\/4891","targetHints":{"allow":["GET"]}}],"collection":[{"href":"https:\/\/mail.protezione-animali-psa.ch\/fr\/wp-json\/wp\/v2\/pages"}],"about":[{"href":"https:\/\/mail.protezione-animali-psa.ch\/fr\/wp-json\/wp\/v2\/types\/page"}],"author":[{"embeddable":true,"href":"https:\/\/mail.protezione-animali-psa.ch\/fr\/wp-json\/wp\/v2\/users\/5"}],"replies":[{"embeddable":true,"href":"https:\/\/mail.protezione-animali-psa.ch\/fr\/wp-json\/wp\/v2\/comments?post=4891"}],"version-history":[{"count":8,"href":"https:\/\/mail.protezione-animali-psa.ch\/fr\/wp-json\/wp\/v2\/pages\/4891\/revisions"}],"predecessor-version":[{"id":34527,"href":"https:\/\/mail.protezione-animali-psa.ch\/fr\/wp-json\/wp\/v2\/pages\/4891\/revisions\/34527"}],"up":[{"embeddable":true,"href":"https:\/\/mail.protezione-animali-psa.ch\/fr\/wp-json\/wp\/v2\/pages\/4302"}],"wp:attachment":[{"href":"https:\/\/mail.protezione-animali-psa.ch\/fr\/wp-json\/wp\/v2\/media?parent=4891"}],"curies":[{"name":"wp","href":"https:\/\/api.w.org\/{rel}","templated":true}]}}