{"id":33439,"date":"2025-07-30T13:15:12","date_gmt":"2025-07-30T11:15:12","guid":{"rendered":"https:\/\/tierschutz.com\/castrazione-dei-gatti\/"},"modified":"2026-02-20T16:27:15","modified_gmt":"2026-02-20T15:27:15","slug":"castrare-gatti","status":"publish","type":"page","link":"https:\/\/mail.protezione-animali-psa.ch\/it\/castrare-gatti\/","title":{"rendered":"Castrazione dei gatti"},"content":{"rendered":"\n<div class=\"wp-block-cover alignfull is-light\"><span aria-hidden=\"true\" class=\"wp-block-cover__background has-background-dim-20 has-background-dim\" style=\"background-color:#afab88\"><\/span><img loading=\"lazy\" decoding=\"async\" width=\"1024\" height=\"683\" src=\"https:\/\/mail.protezione-animali-psa.ch\/app\/uploads\/2025\/08\/grundrauschen-katzen2-1024x683.jpg\" class=\"wp-block-cover__image-background wp-post-image\" alt=\"\" data-object-fit=\"cover\" srcset=\"https:\/\/mail.protezione-animali-psa.ch\/app\/uploads\/2025\/08\/grundrauschen-katzen2-1024x683.jpg 1024w, https:\/\/mail.protezione-animali-psa.ch\/app\/uploads\/2025\/08\/grundrauschen-katzen2-300x200.jpg 300w, https:\/\/mail.protezione-animali-psa.ch\/app\/uploads\/2025\/08\/grundrauschen-katzen2-768x512.jpg 768w, https:\/\/mail.protezione-animali-psa.ch\/app\/uploads\/2025\/08\/grundrauschen-katzen2-1536x1024.jpg 1536w, https:\/\/mail.protezione-animali-psa.ch\/app\/uploads\/2025\/08\/grundrauschen-katzen2-2048x1365.jpg 2048w\" sizes=\"auto, (max-width: 1024px) 100vw, 1024px\" \/><div class=\"wp-block-cover__inner-container is-layout-flow wp-block-cover-is-layout-flow\">\n<h2 class=\"wp-block-heading has-text-align-center has-background-color has-text-color\" id=\"h-la-miseria-felina-in-svizzera\"><strong>La miseria felina in Svizzera<\/strong><\/h2>\n<\/div><\/div>\n\n\n\n<div class=\"wp-block-group alignfull has-background-background-color has-background is-layout-constrained wp-block-group-is-layout-constrained\">\n<h2 class=\"wp-block-heading has-text-align-center\" id=\"h-i-gatti-non-castrati-soffrono\"><strong>I gatti non castrati soffrono<\/strong><\/h2>\n\n\n\n<hr class=\"wp-block-separator has-text-color has-primary-color has-alpha-channel-opacity has-primary-background-color has-background\"\/>\n\n\n\n<p class=\"has-text-align-center has-large-font-size\">In Svizzera ci sono pi\u00f9 di 220\u2019000 gatti randagi, che non hanno una casa e vivono in condizioni miserabili. Per contrastare la miseria felina, ci impegniamo a favore della castrazione dei gatti randagi.<\/p>\n\n\n\n<p class=\"has-text-align-left\">I gatti non castrati si riproducono con grande rapidit\u00e0. Questo porta a lotte per la conquista del territorio e ferite; malattie e parassiti si diffondono. Gli animali di rango inferiore migrano e si inselvatichiscono, oppure cercano altre fattorie dove continuano a riprodursi.&nbsp;Considerato che una coppia di gatti annualmente mette al mondo due cucciolate e che, per ognuna di queste, sopravvivono 3 cuccioli, dopo 7&nbsp;anni si avranno oltre 420\u2019000 gatti. La miseria felina cresce in modo incontrollato.<\/p>\n<\/div>\n\n\n\n<div class=\"wp-block-media-text alignwide is-stacked-on-mobile is-vertically-aligned-center\"><figure class=\"wp-block-media-text__media\"><img loading=\"lazy\" decoding=\"async\" width=\"1884\" height=\"1335\" src=\"https:\/\/tierschutz.com\/app\/uploads\/2025\/08\/grundrauschen-katzen1-scaled-e1755085949798.jpg\" alt=\"\" class=\"wp-image-33295 size-full\" srcset=\"https:\/\/mail.protezione-animali-psa.ch\/app\/uploads\/2025\/08\/grundrauschen-katzen1-scaled-e1755085949798.jpg 1884w, https:\/\/mail.protezione-animali-psa.ch\/app\/uploads\/2025\/08\/grundrauschen-katzen1-scaled-e1755085949798-300x213.jpg 300w, https:\/\/mail.protezione-animali-psa.ch\/app\/uploads\/2025\/08\/grundrauschen-katzen1-scaled-e1755085949798-1024x726.jpg 1024w, https:\/\/mail.protezione-animali-psa.ch\/app\/uploads\/2025\/08\/grundrauschen-katzen1-scaled-e1755085949798-768x544.jpg 768w, https:\/\/mail.protezione-animali-psa.ch\/app\/uploads\/2025\/08\/grundrauschen-katzen1-scaled-e1755085949798-1536x1088.jpg 1536w\" sizes=\"auto, (max-width: 1884px) 100vw, 1884px\" \/><\/figure><div class=\"wp-block-media-text__content\">\n<div class=\"wp-block-group is-style-shadow-box has-background-background-color has-background is-layout-constrained wp-block-group-is-layout-constrained\">\n<h3 class=\"wp-block-heading\" id=\"h-proteggere-i-gatti-grazie-alla-castrazione\"><strong><strong>Proteggere i gatti grazie alla castrazione<\/strong><\/strong><\/h3>\n\n\n\n<p>La castrazione dei gatti domestici e randagi ha un\u2019importanza fondamentale per proteggere la loro salute e il loro benessere. La riproduzione incontrollata pu\u00f2 portare a cucciolate indesiderate, che possono essere pericolose sia per la madre sia per i gattini appena nati. Essa contribuisce anche alla sovrappopolazione felina, che a sua volta aumenta il rischio di abbandono, abuso o uccisione.&nbsp;<\/p>\n\n\n\n<p>Proprio per questo motivo la Protezione Svizzera degli animali PSA si impegna attivamente per la castrazione dei gatti randagi.<\/p>\n<\/div>\n<\/div><\/div>\n\n\n\n<div class=\"wp-block-group alignfull has-background-background-color has-background is-layout-constrained wp-block-group-is-layout-constrained\">\n<div class=\"wp-block-group is-layout-flex wp-container-core-group-is-layout-d0921e6e wp-block-group-is-layout-flex\">\n<div class=\"wp-block-group is-style-shadow-box width100 has-background-background-color has-background is-layout-constrained wp-block-group-is-layout-constrained\">\n<h3 class=\"wp-block-heading has-text-align-center\" id=\"h-la-vostra-donazione-fa-la-differenza\"><strong>La vostra donazione fa la differenza<\/strong><\/h3>\n\n\n\n<hr class=\"wp-block-separator has-text-color has-primary-color has-alpha-channel-opacity has-primary-background-color has-background\"\/>\n\n\n\n<p class=\"has-text-align-center\">Aiutateci ad alleviare le sofferenze dei gatti con una donazione a favore della nostra Azione contro la miseria felina.&nbsp;Il vostro sostegno ci consentir\u00e0 di sterilizzare i gatti inselvatichiti e randagi e di contrastarne la riproduzione incontrollata.&nbsp;<\/p>\n\n\n\n<div style=\"height:3em\" aria-hidden=\"true\" class=\"wp-block-spacer\"><\/div>\n\n\n\n<iframe loading=\"lazy\" src=\"https:\/\/tierschutz.payrexx.com\/it\/pay?cid=2f1418cf&#038;hide_description=1&#038;appview=1\" allow=\"payment *\" width=\"100%\" height=\"1200\" style=\"border:0;\" id=\"payrexx-embed\"><\/iframe>\n<\/div>\n<\/div>\n<\/div>\n","protected":false},"excerpt":{"rendered":"<p>In Svizzera ci sono pi\u00f9 di 220\u2019000 gatti randagi, che non hanno una casa e vivono in condizioni miserabili.<\/p>\n","protected":false},"author":5,"featured_media":33300,"parent":0,"menu_order":26,"comment_status":"closed","ping_status":"closed","template":"","meta":{"_acf_changed":false,"inline_featured_image":false,"_vp_format_video_url":"","_vp_image_focal_point":[],"footnotes":""},"class_list":["post-33439","page","type-page","status-publish","has-post-thumbnail","hentry"],"acf":[],"yoast_head":"<!-- This site is optimized with the Yoast SEO Premium plugin v27.4 (Yoast SEO v27.4) - https:\/\/yoast.com\/product\/yoast-seo-premium-wordpress\/ -->\n<title>Castrazione dei gatti - Protezione Svizzera degli Animali PSA<\/title>\n<meta name=\"description\" content=\"In Svizzera ci sono pi\u00f9 di 220\u2019000 gatti randagi, che non hanno una casa e vivono in condizioni miserabili.\" \/>\n<meta name=\"robots\" content=\"index, follow, max-snippet:-1, max-image-preview:large, max-video-preview:-1\" \/>\n<link rel=\"canonical\" href=\"https:\/\/mail.protezione-animali-psa.ch\/it\/castrare-gatti\/\" \/>\n<meta property=\"og:locale\" content=\"it_IT\" \/>\n<meta property=\"og:type\" content=\"article\" \/>\n<meta property=\"og:title\" content=\"Castrazione dei gatti\" \/>\n<meta property=\"og:description\" content=\"In Svizzera ci sono pi\u00f9 di 220\u2019000 gatti randagi, che non hanno una casa e vivono in condizioni miserabili.\" \/>\n<meta property=\"og:url\" content=\"https:\/\/mail.protezione-animali-psa.ch\/it\/castrare-gatti\/\" \/>\n<meta property=\"og:site_name\" content=\"Protezione Svizzera degli Animali PSA\" \/>\n<meta property=\"article:publisher\" content=\"https:\/\/www.facebook.com\/schweizertierschutz\/\" \/>\n<meta property=\"article:modified_time\" content=\"2026-02-20T15:27:15+00:00\" \/>\n<meta property=\"og:image\" content=\"https:\/\/mail.protezione-animali-psa.ch\/app\/uploads\/2025\/08\/grundrauschen-katzen2-scaled.jpg\" \/>\n\t<meta property=\"og:image:width\" content=\"2560\" \/>\n\t<meta property=\"og:image:height\" content=\"1707\" \/>\n\t<meta property=\"og:image:type\" content=\"image\/jpeg\" \/>\n<meta name=\"twitter:card\" content=\"summary_large_image\" \/>\n<meta name=\"twitter:label1\" content=\"Tempo di lettura stimato\" \/>\n\t<meta name=\"twitter:data1\" content=\"2 minuti\" \/>\n<script type=\"application\/ld+json\" class=\"yoast-schema-graph\">{\"@context\":\"https:\\\/\\\/schema.org\",\"@graph\":[{\"@type\":\"WebPage\",\"@id\":\"https:\\\/\\\/mail.protezione-animali-psa.ch\\\/it\\\/castrare-gatti\\\/\",\"url\":\"https:\\\/\\\/mail.protezione-animali-psa.ch\\\/it\\\/castrare-gatti\\\/\",\"name\":\"Castrazione dei gatti - Protezione Svizzera degli Animali PSA\",\"isPartOf\":{\"@id\":\"https:\\\/\\\/mail.protection-animaux-psa.ch\\\/fr\\\/#website\"},\"primaryImageOfPage\":{\"@id\":\"https:\\\/\\\/mail.protezione-animali-psa.ch\\\/it\\\/castrare-gatti\\\/#primaryimage\"},\"image\":{\"@id\":\"https:\\\/\\\/mail.protezione-animali-psa.ch\\\/it\\\/castrare-gatti\\\/#primaryimage\"},\"thumbnailUrl\":\"https:\\\/\\\/mail.protezione-animali-psa.ch\\\/app\\\/uploads\\\/2025\\\/08\\\/grundrauschen-katzen2-scaled.jpg\",\"datePublished\":\"2025-07-30T11:15:12+00:00\",\"dateModified\":\"2026-02-20T15:27:15+00:00\",\"description\":\"In Svizzera ci sono pi\u00f9 di 220\u2019000 gatti randagi, che non hanno una casa e vivono in condizioni miserabili.\",\"breadcrumb\":{\"@id\":\"https:\\\/\\\/mail.protezione-animali-psa.ch\\\/it\\\/castrare-gatti\\\/#breadcrumb\"},\"inLanguage\":\"it-IT\",\"potentialAction\":[{\"@type\":\"ReadAction\",\"target\":[\"https:\\\/\\\/mail.protezione-animali-psa.ch\\\/it\\\/castrare-gatti\\\/\"]}]},{\"@type\":\"ImageObject\",\"inLanguage\":\"it-IT\",\"@id\":\"https:\\\/\\\/mail.protezione-animali-psa.ch\\\/it\\\/castrare-gatti\\\/#primaryimage\",\"url\":\"https:\\\/\\\/mail.protezione-animali-psa.ch\\\/app\\\/uploads\\\/2025\\\/08\\\/grundrauschen-katzen2-scaled.jpg\",\"contentUrl\":\"https:\\\/\\\/mail.protezione-animali-psa.ch\\\/app\\\/uploads\\\/2025\\\/08\\\/grundrauschen-katzen2-scaled.jpg\",\"width\":2560,\"height\":1707,\"caption\":\"Large group of homeless kittens in a city street near the house\"},{\"@type\":\"BreadcrumbList\",\"@id\":\"https:\\\/\\\/mail.protezione-animali-psa.ch\\\/it\\\/castrare-gatti\\\/#breadcrumb\",\"itemListElement\":[{\"@type\":\"ListItem\",\"position\":1,\"name\":\"Pagina iniziale\",\"item\":\"https:\\\/\\\/mail.protection-animaux-psa.ch\\\/it\\\/\"},{\"@type\":\"ListItem\",\"position\":2,\"name\":\"Castrazione dei gatti\"}]},{\"@type\":\"WebSite\",\"@id\":\"https:\\\/\\\/mail.protection-animaux-psa.ch\\\/fr\\\/#website\",\"url\":\"https:\\\/\\\/mail.protection-animaux-psa.ch\\\/fr\\\/\",\"name\":\"tierschutz.com\",\"description\":\"Wir setzen uns f\u00fcr das Wohl der Tiere ein.\",\"publisher\":{\"@id\":\"https:\\\/\\\/mail.protection-animaux-psa.ch\\\/fr\\\/#organization\"},\"alternateName\":\"Schweizer Tierschutz STS\",\"potentialAction\":[{\"@type\":\"SearchAction\",\"target\":{\"@type\":\"EntryPoint\",\"urlTemplate\":\"https:\\\/\\\/mail.protection-animaux-psa.ch\\\/fr\\\/?s={search_term_string}\"},\"query-input\":{\"@type\":\"PropertyValueSpecification\",\"valueRequired\":true,\"valueName\":\"search_term_string\"}}],\"inLanguage\":\"it-IT\"},{\"@type\":\"Organization\",\"@id\":\"https:\\\/\\\/mail.protection-animaux-psa.ch\\\/fr\\\/#organization\",\"name\":\"Schweizer Tierschutz STS\",\"alternateName\":\"STS\",\"url\":\"https:\\\/\\\/mail.protection-animaux-psa.ch\\\/fr\\\/\",\"logo\":{\"@type\":\"ImageObject\",\"inLanguage\":\"it-IT\",\"@id\":\"https:\\\/\\\/mail.protection-animaux-psa.ch\\\/fr\\\/#\\\/schema\\\/logo\\\/image\\\/\",\"url\":\"https:\\\/\\\/mail.protezione-animali-psa.ch\\\/app\\\/uploads\\\/2024\\\/04\\\/logo-schweizer-tierschutz-sts-1.svg\",\"contentUrl\":\"https:\\\/\\\/mail.protezione-animali-psa.ch\\\/app\\\/uploads\\\/2024\\\/04\\\/logo-schweizer-tierschutz-sts-1.svg\",\"caption\":\"Schweizer Tierschutz STS\"},\"image\":{\"@id\":\"https:\\\/\\\/mail.protection-animaux-psa.ch\\\/fr\\\/#\\\/schema\\\/logo\\\/image\\\/\"},\"sameAs\":[\"https:\\\/\\\/www.facebook.com\\\/schweizertierschutz\\\/\",\"https:\\\/\\\/www.instagram.com\\\/schweizertierschutzsts\\\/\",\"https:\\\/\\\/www.youtube.com\\\/@STS_Tierschutz\",\"https:\\\/\\\/www.linkedin.com\\\/company\\\/schweizertierschutzsts\\\/\"],\"description\":\"Der Schweizer Tierschutz STS ist der Dachverband von 71 Tierschutzorganisationen in allen Sprachregionen der Schweiz und in Liechtenstein. Seine Mitarbeitenden leisten wissenschaftlich fundierte Grundlagenarbeit, setzen sich mit Projekten und Aktionen f\u00fcr den Schutz und das Wohlbefinden von Heim-, Wild-, Nutz- und Versuchstieren ein und sensibilisieren die \u00d6ffentlichkeit f\u00fcr Tierschutzthemen.\",\"email\":\"sts@tierschutz.com\",\"telephone\":\"061 365 99 99\",\"legalName\":\"Schweizer Tierschutz STS\"}]}<\/script>\n<!-- \/ Yoast SEO Premium plugin. -->","yoast_head_json":{"title":"Castrazione dei gatti - Protezione Svizzera degli Animali PSA","description":"In Svizzera ci sono pi\u00f9 di 220\u2019000 gatti randagi, che non hanno una casa e vivono in condizioni miserabili.","robots":{"index":"index","follow":"follow","max-snippet":"max-snippet:-1","max-image-preview":"max-image-preview:large","max-video-preview":"max-video-preview:-1"},"canonical":"https:\/\/mail.protezione-animali-psa.ch\/it\/castrare-gatti\/","og_locale":"it_IT","og_type":"article","og_title":"Castrazione dei gatti","og_description":"In Svizzera ci sono pi\u00f9 di 220\u2019000 gatti randagi, che non hanno una casa e vivono in condizioni miserabili.","og_url":"https:\/\/mail.protezione-animali-psa.ch\/it\/castrare-gatti\/","og_site_name":"Protezione Svizzera degli Animali PSA","article_publisher":"https:\/\/www.facebook.com\/schweizertierschutz\/","article_modified_time":"2026-02-20T15:27:15+00:00","og_image":[{"width":2560,"height":1707,"url":"https:\/\/mail.protezione-animali-psa.ch\/app\/uploads\/2025\/08\/grundrauschen-katzen2-scaled.jpg","type":"image\/jpeg"}],"twitter_card":"summary_large_image","twitter_misc":{"Tempo di lettura stimato":"2 minuti"},"schema":{"@context":"https:\/\/schema.org","@graph":[{"@type":"WebPage","@id":"https:\/\/mail.protezione-animali-psa.ch\/it\/castrare-gatti\/","url":"https:\/\/mail.protezione-animali-psa.ch\/it\/castrare-gatti\/","name":"Castrazione dei gatti - Protezione Svizzera degli Animali PSA","isPartOf":{"@id":"https:\/\/mail.protection-animaux-psa.ch\/fr\/#website"},"primaryImageOfPage":{"@id":"https:\/\/mail.protezione-animali-psa.ch\/it\/castrare-gatti\/#primaryimage"},"image":{"@id":"https:\/\/mail.protezione-animali-psa.ch\/it\/castrare-gatti\/#primaryimage"},"thumbnailUrl":"https:\/\/mail.protezione-animali-psa.ch\/app\/uploads\/2025\/08\/grundrauschen-katzen2-scaled.jpg","datePublished":"2025-07-30T11:15:12+00:00","dateModified":"2026-02-20T15:27:15+00:00","description":"In Svizzera ci sono pi\u00f9 di 220\u2019000 gatti randagi, che non hanno una casa e vivono in condizioni miserabili.","breadcrumb":{"@id":"https:\/\/mail.protezione-animali-psa.ch\/it\/castrare-gatti\/#breadcrumb"},"inLanguage":"it-IT","potentialAction":[{"@type":"ReadAction","target":["https:\/\/mail.protezione-animali-psa.ch\/it\/castrare-gatti\/"]}]},{"@type":"ImageObject","inLanguage":"it-IT","@id":"https:\/\/mail.protezione-animali-psa.ch\/it\/castrare-gatti\/#primaryimage","url":"https:\/\/mail.protezione-animali-psa.ch\/app\/uploads\/2025\/08\/grundrauschen-katzen2-scaled.jpg","contentUrl":"https:\/\/mail.protezione-animali-psa.ch\/app\/uploads\/2025\/08\/grundrauschen-katzen2-scaled.jpg","width":2560,"height":1707,"caption":"Large group of homeless kittens in a city street near the house"},{"@type":"BreadcrumbList","@id":"https:\/\/mail.protezione-animali-psa.ch\/it\/castrare-gatti\/#breadcrumb","itemListElement":[{"@type":"ListItem","position":1,"name":"Pagina iniziale","item":"https:\/\/mail.protection-animaux-psa.ch\/it\/"},{"@type":"ListItem","position":2,"name":"Castrazione dei gatti"}]},{"@type":"WebSite","@id":"https:\/\/mail.protection-animaux-psa.ch\/fr\/#website","url":"https:\/\/mail.protection-animaux-psa.ch\/fr\/","name":"tierschutz.com","description":"Wir setzen uns f\u00fcr das Wohl der Tiere ein.","publisher":{"@id":"https:\/\/mail.protection-animaux-psa.ch\/fr\/#organization"},"alternateName":"Schweizer Tierschutz STS","potentialAction":[{"@type":"SearchAction","target":{"@type":"EntryPoint","urlTemplate":"https:\/\/mail.protection-animaux-psa.ch\/fr\/?s={search_term_string}"},"query-input":{"@type":"PropertyValueSpecification","valueRequired":true,"valueName":"search_term_string"}}],"inLanguage":"it-IT"},{"@type":"Organization","@id":"https:\/\/mail.protection-animaux-psa.ch\/fr\/#organization","name":"Schweizer Tierschutz STS","alternateName":"STS","url":"https:\/\/mail.protection-animaux-psa.ch\/fr\/","logo":{"@type":"ImageObject","inLanguage":"it-IT","@id":"https:\/\/mail.protection-animaux-psa.ch\/fr\/#\/schema\/logo\/image\/","url":"https:\/\/mail.protezione-animali-psa.ch\/app\/uploads\/2024\/04\/logo-schweizer-tierschutz-sts-1.svg","contentUrl":"https:\/\/mail.protezione-animali-psa.ch\/app\/uploads\/2024\/04\/logo-schweizer-tierschutz-sts-1.svg","caption":"Schweizer Tierschutz STS"},"image":{"@id":"https:\/\/mail.protection-animaux-psa.ch\/fr\/#\/schema\/logo\/image\/"},"sameAs":["https:\/\/www.facebook.com\/schweizertierschutz\/","https:\/\/www.instagram.com\/schweizertierschutzsts\/","https:\/\/www.youtube.com\/@STS_Tierschutz","https:\/\/www.linkedin.com\/company\/schweizertierschutzsts\/"],"description":"Der Schweizer Tierschutz STS ist der Dachverband von 71 Tierschutzorganisationen in allen Sprachregionen der Schweiz und in Liechtenstein. Seine Mitarbeitenden leisten wissenschaftlich fundierte Grundlagenarbeit, setzen sich mit Projekten und Aktionen f\u00fcr den Schutz und das Wohlbefinden von Heim-, Wild-, Nutz- und Versuchstieren ein und sensibilisieren die \u00d6ffentlichkeit f\u00fcr Tierschutzthemen.","email":"sts@tierschutz.com","telephone":"061 365 99 99","legalName":"Schweizer Tierschutz STS"}]}},"_links":{"self":[{"href":"https:\/\/mail.protezione-animali-psa.ch\/it\/wp-json\/wp\/v2\/pages\/33439","targetHints":{"allow":["GET"]}}],"collection":[{"href":"https:\/\/mail.protezione-animali-psa.ch\/it\/wp-json\/wp\/v2\/pages"}],"about":[{"href":"https:\/\/mail.protezione-animali-psa.ch\/it\/wp-json\/wp\/v2\/types\/page"}],"author":[{"embeddable":true,"href":"https:\/\/mail.protezione-animali-psa.ch\/it\/wp-json\/wp\/v2\/users\/5"}],"replies":[{"embeddable":true,"href":"https:\/\/mail.protezione-animali-psa.ch\/it\/wp-json\/wp\/v2\/comments?post=33439"}],"version-history":[{"count":5,"href":"https:\/\/mail.protezione-animali-psa.ch\/it\/wp-json\/wp\/v2\/pages\/33439\/revisions"}],"predecessor-version":[{"id":36499,"href":"https:\/\/mail.protezione-animali-psa.ch\/it\/wp-json\/wp\/v2\/pages\/33439\/revisions\/36499"}],"wp:featuredmedia":[{"embeddable":true,"href":"https:\/\/mail.protezione-animali-psa.ch\/it\/wp-json\/wp\/v2\/media\/33300"}],"wp:attachment":[{"href":"https:\/\/mail.protezione-animali-psa.ch\/it\/wp-json\/wp\/v2\/media?parent=33439"}],"curies":[{"name":"wp","href":"https:\/\/api.w.org\/{rel}","templated":true}]}}