{"id":36443,"date":"2026-02-17T12:08:58","date_gmt":"2026-02-17T11:08:58","guid":{"rendered":"https:\/\/tierschutz.com\/?page_id=36443"},"modified":"2026-02-20T09:52:40","modified_gmt":"2026-02-20T08:52:40","slug":"dare-ai-gatti-randagi-una-vita-piu-sana","status":"publish","type":"page","link":"https:\/\/mail.protezione-animali-psa.ch\/it\/dare-ai-gatti-randagi-una-vita-piu-sana\/","title":{"rendered":"Dare ai gatti randagi una vita pi\u00f9 sana"},"content":{"rendered":"\n<div class=\"wp-block-group alignfull has-background-background-color has-background is-layout-constrained wp-block-group-is-layout-constrained\">\n<h2 class=\"wp-block-heading has-text-align-center\" id=\"h-dare-ai-gatti-randagi-una-vita-piu-sana\"><strong>Dare ai gatti randagi una vita pi\u00f9 sana<\/strong><\/h2>\n\n\n\n<hr class=\"wp-block-separator has-text-color has-primary-color has-alpha-channel-opacity has-primary-background-color has-background\"\/>\n\n\n\n<p class=\"has-text-align-center has-large-font-size\">Bastano 60 franchi per consentire la castrazione e quindi un cambiamento duraturo a beneficio di intere generazioni di gatti. Cos\u00ec facendo, contribuite a stabilizzare la popolazione di gatti svizzeri e a contrastare la crescente miseria.<\/p>\n<\/div>\n\n\n\n<div class=\"wp-block-group alignfull has-background-background-color has-background is-layout-constrained wp-container-core-group-is-layout-6defc407 wp-block-group-is-layout-constrained\">\n<div class=\"wp-block-group is-style-default is-layout-constrained wp-block-group-is-layout-constrained\">\n<iframe loading=\"lazy\" src=\"https:\/\/tierschutz.payrexx.com\/it\/pay?cid=2f1418cf&#038;hide_description=1&#038;appview=1\" allow=\"payment *\" width=\"100%\" height=\"1200\" style=\"border:0;\" id=\"payrexx-embed\"><\/iframe>\n<\/div>\n<\/div>\n","protected":false},"excerpt":{"rendered":"<p>Bastano 60 franchi per consentire la castrazione e quindi un cambiamento duraturo a beneficio di intere generazioni di gatti. <\/p>\n","protected":false},"author":5,"featured_media":36618,"parent":0,"menu_order":4,"comment_status":"closed","ping_status":"closed","template":"leere-seite","meta":{"_acf_changed":false,"inline_featured_image":false,"_vp_format_video_url":"","_vp_image_focal_point":[],"footnotes":""},"class_list":["post-36443","page","type-page","status-publish","has-post-thumbnail","hentry"],"acf":[],"yoast_head":"<!-- This site is optimized with the Yoast SEO Premium plugin v27.4 (Yoast SEO v27.4) - https:\/\/yoast.com\/product\/yoast-seo-premium-wordpress\/ -->\n<title>Dare ai gatti randagi una vita pi\u00f9 sana - Protezione Svizzera degli Animali PSA<\/title>\n<meta name=\"description\" content=\"Bastano 60 franchi per consentire la castrazione e quindi un cambiamento duraturo a beneficio di intere generazioni di gatti.\" \/>\n<meta name=\"robots\" content=\"index, follow, max-snippet:-1, max-image-preview:large, max-video-preview:-1\" \/>\n<link rel=\"canonical\" href=\"https:\/\/mail.protezione-animali-psa.ch\/it\/dare-ai-gatti-randagi-una-vita-piu-sana\/\" \/>\n<meta property=\"og:locale\" content=\"it_IT\" \/>\n<meta property=\"og:type\" content=\"article\" \/>\n<meta property=\"og:title\" content=\"Dare ai gatti randagi una vita pi\u00f9 sana\" \/>\n<meta property=\"og:description\" content=\"Bastano 60 franchi per consentire la castrazione e quindi un cambiamento duraturo a beneficio di intere generazioni di gatti.\" \/>\n<meta property=\"og:url\" content=\"https:\/\/mail.protezione-animali-psa.ch\/it\/dare-ai-gatti-randagi-una-vita-piu-sana\/\" \/>\n<meta property=\"og:site_name\" content=\"Protezione Svizzera degli Animali PSA\" \/>\n<meta property=\"article:publisher\" content=\"https:\/\/www.facebook.com\/schweizertierschutz\/\" \/>\n<meta property=\"article:modified_time\" content=\"2026-02-20T08:52:40+00:00\" \/>\n<meta property=\"og:image\" content=\"https:\/\/sts-psa.ch\/app\/uploads\/2026\/02\/Streunerkatzen-3.jpg\" \/>\n\t<meta property=\"og:image:width\" content=\"2121\" \/>\n\t<meta property=\"og:image:height\" content=\"1414\" \/>\n\t<meta property=\"og:image:type\" content=\"image\/jpeg\" \/>\n<meta name=\"twitter:card\" content=\"summary_large_image\" \/>\n<meta name=\"twitter:label1\" content=\"Tempo di lettura stimato\" \/>\n\t<meta name=\"twitter:data1\" content=\"1 minuto\" \/>\n<script type=\"application\/ld+json\" class=\"yoast-schema-graph\">{\"@context\":\"https:\\\/\\\/schema.org\",\"@graph\":[{\"@type\":\"WebPage\",\"@id\":\"https:\\\/\\\/mail.protezione-animali-psa.ch\\\/it\\\/dare-ai-gatti-randagi-una-vita-piu-sana\\\/\",\"url\":\"https:\\\/\\\/mail.protezione-animali-psa.ch\\\/it\\\/dare-ai-gatti-randagi-una-vita-piu-sana\\\/\",\"name\":\"Dare ai gatti randagi una vita pi\u00f9 sana - Protezione Svizzera degli Animali PSA\",\"isPartOf\":{\"@id\":\"https:\\\/\\\/tierschutz.com\\\/fr\\\/#website\"},\"primaryImageOfPage\":{\"@id\":\"https:\\\/\\\/mail.protezione-animali-psa.ch\\\/it\\\/dare-ai-gatti-randagi-una-vita-piu-sana\\\/#primaryimage\"},\"image\":{\"@id\":\"https:\\\/\\\/mail.protezione-animali-psa.ch\\\/it\\\/dare-ai-gatti-randagi-una-vita-piu-sana\\\/#primaryimage\"},\"thumbnailUrl\":\"https:\\\/\\\/mail.protezione-animali-psa.ch\\\/app\\\/uploads\\\/2026\\\/02\\\/Streunerkatzen-3.jpg\",\"datePublished\":\"2026-02-17T11:08:58+00:00\",\"dateModified\":\"2026-02-20T08:52:40+00:00\",\"description\":\"Bastano 60 franchi per consentire la castrazione e quindi un cambiamento duraturo a beneficio di intere generazioni di gatti.\",\"breadcrumb\":{\"@id\":\"https:\\\/\\\/mail.protezione-animali-psa.ch\\\/it\\\/dare-ai-gatti-randagi-una-vita-piu-sana\\\/#breadcrumb\"},\"inLanguage\":\"it-IT\",\"potentialAction\":[{\"@type\":\"ReadAction\",\"target\":[\"https:\\\/\\\/mail.protezione-animali-psa.ch\\\/it\\\/dare-ai-gatti-randagi-una-vita-piu-sana\\\/\"]}]},{\"@type\":\"ImageObject\",\"inLanguage\":\"it-IT\",\"@id\":\"https:\\\/\\\/mail.protezione-animali-psa.ch\\\/it\\\/dare-ai-gatti-randagi-una-vita-piu-sana\\\/#primaryimage\",\"url\":\"https:\\\/\\\/mail.protezione-animali-psa.ch\\\/app\\\/uploads\\\/2026\\\/02\\\/Streunerkatzen-3.jpg\",\"contentUrl\":\"https:\\\/\\\/mail.protezione-animali-psa.ch\\\/app\\\/uploads\\\/2026\\\/02\\\/Streunerkatzen-3.jpg\",\"width\":2121,\"height\":1414,\"caption\":\"KKA\"},{\"@type\":\"BreadcrumbList\",\"@id\":\"https:\\\/\\\/mail.protezione-animali-psa.ch\\\/it\\\/dare-ai-gatti-randagi-una-vita-piu-sana\\\/#breadcrumb\",\"itemListElement\":[{\"@type\":\"ListItem\",\"position\":1,\"name\":\"Pagina iniziale\",\"item\":\"https:\\\/\\\/mail.schweizertierschutz.ch\\\/it\\\/\"},{\"@type\":\"ListItem\",\"position\":2,\"name\":\"Dare ai gatti randagi una vita pi\u00f9 sana\"}]},{\"@type\":\"WebSite\",\"@id\":\"https:\\\/\\\/tierschutz.com\\\/fr\\\/#website\",\"url\":\"https:\\\/\\\/tierschutz.com\\\/fr\\\/\",\"name\":\"tierschutz.com\",\"description\":\"Wir setzen uns f\u00fcr das Wohl der Tiere ein.\",\"publisher\":{\"@id\":\"https:\\\/\\\/tierschutz.com\\\/fr\\\/#organization\"},\"alternateName\":\"Schweizer Tierschutz STS\",\"potentialAction\":[{\"@type\":\"SearchAction\",\"target\":{\"@type\":\"EntryPoint\",\"urlTemplate\":\"https:\\\/\\\/tierschutz.com\\\/fr\\\/?s={search_term_string}\"},\"query-input\":{\"@type\":\"PropertyValueSpecification\",\"valueRequired\":true,\"valueName\":\"search_term_string\"}}],\"inLanguage\":\"it-IT\"},{\"@type\":\"Organization\",\"@id\":\"https:\\\/\\\/tierschutz.com\\\/fr\\\/#organization\",\"name\":\"Schweizer Tierschutz STS\",\"alternateName\":\"STS\",\"url\":\"https:\\\/\\\/tierschutz.com\\\/fr\\\/\",\"logo\":{\"@type\":\"ImageObject\",\"inLanguage\":\"it-IT\",\"@id\":\"https:\\\/\\\/tierschutz.com\\\/fr\\\/#\\\/schema\\\/logo\\\/image\\\/\",\"url\":\"https:\\\/\\\/mail.protezione-animali-psa.ch\\\/app\\\/uploads\\\/2024\\\/04\\\/logo-schweizer-tierschutz-sts-1.svg\",\"contentUrl\":\"https:\\\/\\\/mail.protezione-animali-psa.ch\\\/app\\\/uploads\\\/2024\\\/04\\\/logo-schweizer-tierschutz-sts-1.svg\",\"caption\":\"Schweizer Tierschutz STS\"},\"image\":{\"@id\":\"https:\\\/\\\/tierschutz.com\\\/fr\\\/#\\\/schema\\\/logo\\\/image\\\/\"},\"sameAs\":[\"https:\\\/\\\/www.facebook.com\\\/schweizertierschutz\\\/\",\"https:\\\/\\\/www.instagram.com\\\/schweizertierschutzsts\\\/\",\"https:\\\/\\\/www.youtube.com\\\/@STS_Tierschutz\",\"https:\\\/\\\/www.linkedin.com\\\/company\\\/schweizertierschutzsts\\\/\"],\"description\":\"Der Schweizer Tierschutz STS ist der Dachverband von 71 Tierschutzorganisationen in allen Sprachregionen der Schweiz und in Liechtenstein. Seine Mitarbeitenden leisten wissenschaftlich fundierte Grundlagenarbeit, setzen sich mit Projekten und Aktionen f\u00fcr den Schutz und das Wohlbefinden von Heim-, Wild-, Nutz- und Versuchstieren ein und sensibilisieren die \u00d6ffentlichkeit f\u00fcr Tierschutzthemen.\",\"email\":\"sts@tierschutz.com\",\"telephone\":\"061 365 99 99\",\"legalName\":\"Schweizer Tierschutz STS\"}]}<\/script>\n<!-- \/ Yoast SEO Premium plugin. -->","yoast_head_json":{"title":"Dare ai gatti randagi una vita pi\u00f9 sana - Protezione Svizzera degli Animali PSA","description":"Bastano 60 franchi per consentire la castrazione e quindi un cambiamento duraturo a beneficio di intere generazioni di gatti.","robots":{"index":"index","follow":"follow","max-snippet":"max-snippet:-1","max-image-preview":"max-image-preview:large","max-video-preview":"max-video-preview:-1"},"canonical":"https:\/\/mail.protezione-animali-psa.ch\/it\/dare-ai-gatti-randagi-una-vita-piu-sana\/","og_locale":"it_IT","og_type":"article","og_title":"Dare ai gatti randagi una vita pi\u00f9 sana","og_description":"Bastano 60 franchi per consentire la castrazione e quindi un cambiamento duraturo a beneficio di intere generazioni di gatti.","og_url":"https:\/\/mail.protezione-animali-psa.ch\/it\/dare-ai-gatti-randagi-una-vita-piu-sana\/","og_site_name":"Protezione Svizzera degli Animali PSA","article_publisher":"https:\/\/www.facebook.com\/schweizertierschutz\/","article_modified_time":"2026-02-20T08:52:40+00:00","og_image":[{"width":2121,"height":1414,"url":"https:\/\/sts-psa.ch\/app\/uploads\/2026\/02\/Streunerkatzen-3.jpg","type":"image\/jpeg"}],"twitter_card":"summary_large_image","twitter_misc":{"Tempo di lettura stimato":"1 minuto"},"schema":{"@context":"https:\/\/schema.org","@graph":[{"@type":"WebPage","@id":"https:\/\/mail.protezione-animali-psa.ch\/it\/dare-ai-gatti-randagi-una-vita-piu-sana\/","url":"https:\/\/mail.protezione-animali-psa.ch\/it\/dare-ai-gatti-randagi-una-vita-piu-sana\/","name":"Dare ai gatti randagi una vita pi\u00f9 sana - Protezione Svizzera degli Animali PSA","isPartOf":{"@id":"https:\/\/tierschutz.com\/fr\/#website"},"primaryImageOfPage":{"@id":"https:\/\/mail.protezione-animali-psa.ch\/it\/dare-ai-gatti-randagi-una-vita-piu-sana\/#primaryimage"},"image":{"@id":"https:\/\/mail.protezione-animali-psa.ch\/it\/dare-ai-gatti-randagi-una-vita-piu-sana\/#primaryimage"},"thumbnailUrl":"https:\/\/mail.protezione-animali-psa.ch\/app\/uploads\/2026\/02\/Streunerkatzen-3.jpg","datePublished":"2026-02-17T11:08:58+00:00","dateModified":"2026-02-20T08:52:40+00:00","description":"Bastano 60 franchi per consentire la castrazione e quindi un cambiamento duraturo a beneficio di intere generazioni di gatti.","breadcrumb":{"@id":"https:\/\/mail.protezione-animali-psa.ch\/it\/dare-ai-gatti-randagi-una-vita-piu-sana\/#breadcrumb"},"inLanguage":"it-IT","potentialAction":[{"@type":"ReadAction","target":["https:\/\/mail.protezione-animali-psa.ch\/it\/dare-ai-gatti-randagi-una-vita-piu-sana\/"]}]},{"@type":"ImageObject","inLanguage":"it-IT","@id":"https:\/\/mail.protezione-animali-psa.ch\/it\/dare-ai-gatti-randagi-una-vita-piu-sana\/#primaryimage","url":"https:\/\/mail.protezione-animali-psa.ch\/app\/uploads\/2026\/02\/Streunerkatzen-3.jpg","contentUrl":"https:\/\/mail.protezione-animali-psa.ch\/app\/uploads\/2026\/02\/Streunerkatzen-3.jpg","width":2121,"height":1414,"caption":"KKA"},{"@type":"BreadcrumbList","@id":"https:\/\/mail.protezione-animali-psa.ch\/it\/dare-ai-gatti-randagi-una-vita-piu-sana\/#breadcrumb","itemListElement":[{"@type":"ListItem","position":1,"name":"Pagina iniziale","item":"https:\/\/mail.schweizertierschutz.ch\/it\/"},{"@type":"ListItem","position":2,"name":"Dare ai gatti randagi una vita pi\u00f9 sana"}]},{"@type":"WebSite","@id":"https:\/\/tierschutz.com\/fr\/#website","url":"https:\/\/tierschutz.com\/fr\/","name":"tierschutz.com","description":"Wir setzen uns f\u00fcr das Wohl der Tiere ein.","publisher":{"@id":"https:\/\/tierschutz.com\/fr\/#organization"},"alternateName":"Schweizer Tierschutz STS","potentialAction":[{"@type":"SearchAction","target":{"@type":"EntryPoint","urlTemplate":"https:\/\/tierschutz.com\/fr\/?s={search_term_string}"},"query-input":{"@type":"PropertyValueSpecification","valueRequired":true,"valueName":"search_term_string"}}],"inLanguage":"it-IT"},{"@type":"Organization","@id":"https:\/\/tierschutz.com\/fr\/#organization","name":"Schweizer Tierschutz STS","alternateName":"STS","url":"https:\/\/tierschutz.com\/fr\/","logo":{"@type":"ImageObject","inLanguage":"it-IT","@id":"https:\/\/tierschutz.com\/fr\/#\/schema\/logo\/image\/","url":"https:\/\/mail.protezione-animali-psa.ch\/app\/uploads\/2024\/04\/logo-schweizer-tierschutz-sts-1.svg","contentUrl":"https:\/\/mail.protezione-animali-psa.ch\/app\/uploads\/2024\/04\/logo-schweizer-tierschutz-sts-1.svg","caption":"Schweizer Tierschutz STS"},"image":{"@id":"https:\/\/tierschutz.com\/fr\/#\/schema\/logo\/image\/"},"sameAs":["https:\/\/www.facebook.com\/schweizertierschutz\/","https:\/\/www.instagram.com\/schweizertierschutzsts\/","https:\/\/www.youtube.com\/@STS_Tierschutz","https:\/\/www.linkedin.com\/company\/schweizertierschutzsts\/"],"description":"Der Schweizer Tierschutz STS ist der Dachverband von 71 Tierschutzorganisationen in allen Sprachregionen der Schweiz und in Liechtenstein. Seine Mitarbeitenden leisten wissenschaftlich fundierte Grundlagenarbeit, setzen sich mit Projekten und Aktionen f\u00fcr den Schutz und das Wohlbefinden von Heim-, Wild-, Nutz- und Versuchstieren ein und sensibilisieren die \u00d6ffentlichkeit f\u00fcr Tierschutzthemen.","email":"sts@tierschutz.com","telephone":"061 365 99 99","legalName":"Schweizer Tierschutz STS"}]}},"_links":{"self":[{"href":"https:\/\/mail.protezione-animali-psa.ch\/it\/wp-json\/wp\/v2\/pages\/36443","targetHints":{"allow":["GET"]}}],"collection":[{"href":"https:\/\/mail.protezione-animali-psa.ch\/it\/wp-json\/wp\/v2\/pages"}],"about":[{"href":"https:\/\/mail.protezione-animali-psa.ch\/it\/wp-json\/wp\/v2\/types\/page"}],"author":[{"embeddable":true,"href":"https:\/\/mail.protezione-animali-psa.ch\/it\/wp-json\/wp\/v2\/users\/5"}],"replies":[{"embeddable":true,"href":"https:\/\/mail.protezione-animali-psa.ch\/it\/wp-json\/wp\/v2\/comments?post=36443"}],"version-history":[{"count":1,"href":"https:\/\/mail.protezione-animali-psa.ch\/it\/wp-json\/wp\/v2\/pages\/36443\/revisions"}],"predecessor-version":[{"id":36444,"href":"https:\/\/mail.protezione-animali-psa.ch\/it\/wp-json\/wp\/v2\/pages\/36443\/revisions\/36444"}],"wp:featuredmedia":[{"embeddable":true,"href":"https:\/\/mail.protezione-animali-psa.ch\/it\/wp-json\/wp\/v2\/media\/36618"}],"wp:attachment":[{"href":"https:\/\/mail.protezione-animali-psa.ch\/it\/wp-json\/wp\/v2\/media?parent=36443"}],"curies":[{"name":"wp","href":"https:\/\/api.w.org\/{rel}","templated":true}]}}