{"id":5545,"date":"2023-05-04T11:35:18","date_gmt":"2023-05-04T09:35:18","guid":{"rendered":"https:\/\/dev.tierschutz.com\/?page_id=5545"},"modified":"2023-11-07T09:19:13","modified_gmt":"2023-11-07T08:19:13","slug":"media","status":"publish","type":"page","link":"https:\/\/mail.protezione-animali-psa.ch\/it\/chi-siamo\/media\/","title":{"rendered":"Media"},"content":{"rendered":"\n<div class=\"wp-block-cover alignfull is-light\" style=\"min-height:100vh;aspect-ratio:unset;\"><span aria-hidden=\"true\" class=\"wp-block-cover__background has-background-dim-20 has-background-dim\"><\/span><img loading=\"lazy\" decoding=\"async\" width=\"2560\" height=\"1707\" class=\"wp-block-cover__image-background wp-image-12059\" alt=\"Hund der auf den Beinen einer Person liegt. \" src=\"https:\/\/tierschutz.com\/app\/uploads\/2023\/11\/schweizer-tierschutz-sts-medien.jpg\" style=\"object-position:47% 25%\" data-object-fit=\"cover\" data-object-position=\"47% 25%\" srcset=\"https:\/\/mail.protezione-animali-psa.ch\/app\/uploads\/2023\/11\/schweizer-tierschutz-sts-medien.jpg 2560w, https:\/\/mail.protezione-animali-psa.ch\/app\/uploads\/2023\/11\/schweizer-tierschutz-sts-medien-300x200.jpg 300w, https:\/\/mail.protezione-animali-psa.ch\/app\/uploads\/2023\/11\/schweizer-tierschutz-sts-medien-1024x683.jpg 1024w, https:\/\/mail.protezione-animali-psa.ch\/app\/uploads\/2023\/11\/schweizer-tierschutz-sts-medien-768x512.jpg 768w, https:\/\/mail.protezione-animali-psa.ch\/app\/uploads\/2023\/11\/schweizer-tierschutz-sts-medien-1536x1024.jpg 1536w, https:\/\/mail.protezione-animali-psa.ch\/app\/uploads\/2023\/11\/schweizer-tierschutz-sts-medien-2048x1366.jpg 2048w\" sizes=\"auto, (max-width: 2560px) 100vw, 2560px\" \/><div class=\"wp-block-cover__inner-container is-layout-flow wp-block-cover-is-layout-flow\">\n<h2 class=\"wp-block-heading has-text-align-center has-background-color has-text-color\"><strong>Media<\/strong><\/h2>\n<\/div><\/div>\n\n\n\n<div class=\"wp-block-group has-background-background-color has-background is-layout-constrained wp-block-group-is-layout-constrained\"><div class=\"yoast-breadcrumbs\"><span><span><a href=\"https:\/\/mail.swiss-animal-protection.ch\/it\/\">Pagina iniziale<\/a><\/span> \u00bb <span><a href=\"https:\/\/tierschutz.com\/it\/chi-siamo\/\">Chi siamo<\/a><\/span> \u00bb <span class=\"breadcrumb_last\" aria-current=\"page\">Media<\/span><\/span><\/div>\n\n\n<div class=\"wp-block-columns is-layout-flex wp-container-core-columns-is-layout-28f84493 wp-block-columns-is-layout-flex\">\n<div class=\"wp-block-column is-layout-flow wp-block-column-is-layout-flow\">\n<div class=\"wp-block-media-text alignwide is-stacked-on-mobile is-style-stacked-shadow no-inset\"><figure class=\"wp-block-media-text__media\"><img decoding=\"async\" src=\"https:\/\/tierschutz.com\/app\/uploads\/2023\/11\/schweizer-tierschutz-sts-medienkontakt-1024x683.jpg\" alt=\"Hund der auf einem Laptop liegt\" class=\"wp-image-12109 size-full\"\/><\/figure><div class=\"wp-block-media-text__content\">\n<h3 class=\"wp-block-heading\"><strong>Contatti con i media<\/strong><\/h3>\n\n\n\n<p>L&#8217;ufficio media della Protezione svizzera degli animali STS supporta i rappresentanti dei media nelle loro ricerche, \u00e8 a disposizione per domande sulla protezione e sul benessere degli animali e coordina i contatti tra i giornalisti e le fonti di informazione interne.<\/p>\n\n\n\n<div class=\"wp-block-buttons is-layout-flex wp-block-buttons-is-layout-flex\">\n<div class=\"wp-block-button\"><a class=\"wp-block-button__link wp-element-button\" href=\"https:\/\/tierschutz.com\/it\/chi-siamo\/media\/contatti-con-i-media\/\">Per saperne di pi\u00f9<\/a><\/div>\n<\/div>\n<\/div><\/div>\n<\/div>\n\n\n\n<div class=\"wp-block-column is-layout-flow wp-block-column-is-layout-flow\">\n<div class=\"wp-block-media-text alignwide is-stacked-on-mobile is-style-stacked-shadow no-inset\"><figure class=\"wp-block-media-text__media\"><img loading=\"lazy\" decoding=\"async\" width=\"1024\" height=\"683\" src=\"https:\/\/tierschutz.com\/app\/uploads\/2023\/11\/schweizer-tierschutz-sts-medienmitteilung-1024x683.jpg\" alt=\"Katze die auf auf einer Zeitung liegt. \" class=\"wp-image-12062 size-full\" srcset=\"https:\/\/mail.protezione-animali-psa.ch\/app\/uploads\/2023\/11\/schweizer-tierschutz-sts-medienmitteilung-1024x683.jpg 1024w, https:\/\/mail.protezione-animali-psa.ch\/app\/uploads\/2023\/11\/schweizer-tierschutz-sts-medienmitteilung-300x200.jpg 300w, https:\/\/mail.protezione-animali-psa.ch\/app\/uploads\/2023\/11\/schweizer-tierschutz-sts-medienmitteilung-768x512.jpg 768w, https:\/\/mail.protezione-animali-psa.ch\/app\/uploads\/2023\/11\/schweizer-tierschutz-sts-medienmitteilung-1536x1024.jpg 1536w, https:\/\/mail.protezione-animali-psa.ch\/app\/uploads\/2023\/11\/schweizer-tierschutz-sts-medienmitteilung-2048x1366.jpg 2048w\" sizes=\"auto, (max-width: 1024px) 100vw, 1024px\" \/><\/figure><div class=\"wp-block-media-text__content\">\n<h3 class=\"wp-block-heading\"><strong><strong>Comunicati stampa<\/strong><\/strong><\/h3>\n\n\n\n<p>Qui trovate i comunicati stampa attuali e precedenti della Protezione svizzera degli animali STS.<\/p>\n\n\n\n<div class=\"wp-block-buttons is-layout-flex wp-block-buttons-is-layout-flex\">\n<div class=\"wp-block-button\"><a class=\"wp-block-button__link wp-element-button\" href=\"https:\/\/tierschutz.com\/it\/chi-siamo\/media\/comunicati-stampa\/\">Per saperne di pi\u00f9<\/a><\/div>\n<\/div>\n<\/div><\/div>\n<\/div>\n<\/div>\n\n\n\n<div class=\"wp-block-columns is-layout-flex wp-container-core-columns-is-layout-28f84493 wp-block-columns-is-layout-flex\">\n<div class=\"wp-block-column is-layout-flow wp-block-column-is-layout-flow\">\n<div class=\"wp-block-media-text alignwide is-stacked-on-mobile is-style-stacked-shadow no-inset\"><figure class=\"wp-block-media-text__media\"><img loading=\"lazy\" decoding=\"async\" width=\"1024\" height=\"681\" src=\"https:\/\/tierschutz.com\/app\/uploads\/2023\/11\/schweizer-tierschutz-sts-download-1024x681.jpg\" alt=\"Katze die auf den Beinen einer Frau liegt und gekrault wird. \" class=\"wp-image-12083 size-full\" srcset=\"https:\/\/mail.protezione-animali-psa.ch\/app\/uploads\/2023\/11\/schweizer-tierschutz-sts-download-1024x681.jpg 1024w, https:\/\/mail.protezione-animali-psa.ch\/app\/uploads\/2023\/11\/schweizer-tierschutz-sts-download-300x200.jpg 300w, https:\/\/mail.protezione-animali-psa.ch\/app\/uploads\/2023\/11\/schweizer-tierschutz-sts-download-768x511.jpg 768w, https:\/\/mail.protezione-animali-psa.ch\/app\/uploads\/2023\/11\/schweizer-tierschutz-sts-download-1536x1022.jpg 1536w, https:\/\/mail.protezione-animali-psa.ch\/app\/uploads\/2023\/11\/schweizer-tierschutz-sts-download-2048x1362.jpg 2048w\" sizes=\"auto, (max-width: 1024px) 100vw, 1024px\" \/><\/figure><div class=\"wp-block-media-text__content\">\n<h3 class=\"wp-block-heading\"><strong>Download<\/strong><\/h3>\n\n\n\n<p>Offriamo ai professionisti dei media l&#8217;opportunit\u00e0 di scaricare materiale di immagini che possono essere utilizzate per i media.<\/p>\n\n\n\n<div class=\"wp-block-buttons is-layout-flex wp-block-buttons-is-layout-flex\">\n<div class=\"wp-block-button\"><a class=\"wp-block-button__link wp-element-button\" href=\"https:\/\/tierschutz.com\/it\/chi-siamo\/media\/download\/\">Per saperne di pi\u00f9<\/a><\/div>\n<\/div>\n<\/div><\/div>\n<\/div>\n\n\n\n<div class=\"wp-block-column is-layout-flow wp-block-column-is-layout-flow\"><\/div>\n<\/div>\n<\/div>\n","protected":false},"excerpt":{"rendered":"<p>Contatti con i media L&#8217;ufficio media della Protezione svizzera degli animali STS supporta i rappresentanti dei media nelle loro ricerche, [&hellip;]<\/p>\n","protected":false},"author":5,"featured_media":0,"parent":6313,"menu_order":207,"comment_status":"closed","ping_status":"closed","template":"","meta":{"_acf_changed":false,"inline_featured_image":false,"_vp_format_video_url":"","_vp_image_focal_point":[],"footnotes":""},"class_list":["post-5545","page","type-page","status-publish","hentry"],"acf":[],"yoast_head":"<!-- This site is optimized with the Yoast SEO Premium plugin v27.4 (Yoast SEO v27.4) - https:\/\/yoast.com\/product\/yoast-seo-premium-wordpress\/ -->\n<title>Media - Protezione Svizzera degli Animali PSA<\/title>\n<meta name=\"robots\" content=\"index, follow, max-snippet:-1, max-image-preview:large, max-video-preview:-1\" \/>\n<link rel=\"canonical\" href=\"https:\/\/mail.protezione-animali-psa.ch\/it\/chi-siamo\/media\/\" \/>\n<meta property=\"og:locale\" content=\"it_IT\" \/>\n<meta property=\"og:type\" content=\"article\" \/>\n<meta property=\"og:title\" content=\"Media\" \/>\n<meta property=\"og:description\" content=\"Contatti con i media L&#8217;ufficio media della Protezione svizzera degli animali STS supporta i rappresentanti dei media nelle loro ricerche, [&hellip;]\" \/>\n<meta property=\"og:url\" content=\"https:\/\/mail.protezione-animali-psa.ch\/it\/chi-siamo\/media\/\" \/>\n<meta property=\"og:site_name\" content=\"Protezione Svizzera degli Animali PSA\" \/>\n<meta property=\"article:publisher\" content=\"https:\/\/www.facebook.com\/schweizertierschutz\/\" \/>\n<meta property=\"article:modified_time\" content=\"2023-11-07T08:19:13+00:00\" \/>\n<meta property=\"og:image\" content=\"https:\/\/tierschutz.com\/app\/uploads\/2023\/11\/schweizer-tierschutz-sts-medien.jpg\" \/>\n<meta name=\"twitter:card\" content=\"summary_large_image\" \/>\n<meta name=\"twitter:label1\" content=\"Tempo di lettura stimato\" \/>\n\t<meta name=\"twitter:data1\" content=\"2 minuti\" \/>\n<script type=\"application\/ld+json\" class=\"yoast-schema-graph\">{\"@context\":\"https:\\\/\\\/schema.org\",\"@graph\":[{\"@type\":\"WebPage\",\"@id\":\"https:\\\/\\\/mail.protezione-animali-psa.ch\\\/it\\\/chi-siamo\\\/media\\\/\",\"url\":\"https:\\\/\\\/mail.protezione-animali-psa.ch\\\/it\\\/chi-siamo\\\/media\\\/\",\"name\":\"Media - Protezione Svizzera degli Animali PSA\",\"isPartOf\":{\"@id\":\"https:\\\/\\\/sts-psa.ch\\\/fr\\\/#website\"},\"primaryImageOfPage\":{\"@id\":\"https:\\\/\\\/mail.protezione-animali-psa.ch\\\/it\\\/chi-siamo\\\/media\\\/#primaryimage\"},\"image\":{\"@id\":\"https:\\\/\\\/mail.protezione-animali-psa.ch\\\/it\\\/chi-siamo\\\/media\\\/#primaryimage\"},\"thumbnailUrl\":\"https:\\\/\\\/tierschutz.com\\\/app\\\/uploads\\\/2023\\\/11\\\/schweizer-tierschutz-sts-medien.jpg\",\"datePublished\":\"2023-05-04T09:35:18+00:00\",\"dateModified\":\"2023-11-07T08:19:13+00:00\",\"breadcrumb\":{\"@id\":\"https:\\\/\\\/mail.protezione-animali-psa.ch\\\/it\\\/chi-siamo\\\/media\\\/#breadcrumb\"},\"inLanguage\":\"it-IT\",\"potentialAction\":[{\"@type\":\"ReadAction\",\"target\":[\"https:\\\/\\\/mail.protezione-animali-psa.ch\\\/it\\\/chi-siamo\\\/media\\\/\"]}]},{\"@type\":\"ImageObject\",\"inLanguage\":\"it-IT\",\"@id\":\"https:\\\/\\\/mail.protezione-animali-psa.ch\\\/it\\\/chi-siamo\\\/media\\\/#primaryimage\",\"url\":\"https:\\\/\\\/tierschutz.com\\\/app\\\/uploads\\\/2023\\\/11\\\/schweizer-tierschutz-sts-medien.jpg\",\"contentUrl\":\"https:\\\/\\\/tierschutz.com\\\/app\\\/uploads\\\/2023\\\/11\\\/schweizer-tierschutz-sts-medien.jpg\"},{\"@type\":\"BreadcrumbList\",\"@id\":\"https:\\\/\\\/mail.protezione-animali-psa.ch\\\/it\\\/chi-siamo\\\/media\\\/#breadcrumb\",\"itemListElement\":[{\"@type\":\"ListItem\",\"position\":1,\"name\":\"Pagina iniziale\",\"item\":\"https:\\\/\\\/mail.swiss-animal-protection.ch\\\/it\\\/\"},{\"@type\":\"ListItem\",\"position\":2,\"name\":\"Chi siamo\",\"item\":\"https:\\\/\\\/tierschutz.com\\\/it\\\/chi-siamo\\\/\"},{\"@type\":\"ListItem\",\"position\":3,\"name\":\"Media\"}]},{\"@type\":\"WebSite\",\"@id\":\"https:\\\/\\\/sts-psa.ch\\\/fr\\\/#website\",\"url\":\"https:\\\/\\\/sts-psa.ch\\\/fr\\\/\",\"name\":\"tierschutz.com\",\"description\":\"Wir setzen uns f\u00fcr das Wohl der Tiere ein.\",\"publisher\":{\"@id\":\"https:\\\/\\\/sts-psa.ch\\\/fr\\\/#organization\"},\"alternateName\":\"Schweizer Tierschutz STS\",\"potentialAction\":[{\"@type\":\"SearchAction\",\"target\":{\"@type\":\"EntryPoint\",\"urlTemplate\":\"https:\\\/\\\/sts-psa.ch\\\/fr\\\/?s={search_term_string}\"},\"query-input\":{\"@type\":\"PropertyValueSpecification\",\"valueRequired\":true,\"valueName\":\"search_term_string\"}}],\"inLanguage\":\"it-IT\"},{\"@type\":\"Organization\",\"@id\":\"https:\\\/\\\/sts-psa.ch\\\/fr\\\/#organization\",\"name\":\"Schweizer Tierschutz STS\",\"alternateName\":\"STS\",\"url\":\"https:\\\/\\\/sts-psa.ch\\\/fr\\\/\",\"logo\":{\"@type\":\"ImageObject\",\"inLanguage\":\"it-IT\",\"@id\":\"https:\\\/\\\/sts-psa.ch\\\/fr\\\/#\\\/schema\\\/logo\\\/image\\\/\",\"url\":\"https:\\\/\\\/mail.protezione-animali-psa.ch\\\/app\\\/uploads\\\/2024\\\/04\\\/logo-schweizer-tierschutz-sts-1.svg\",\"contentUrl\":\"https:\\\/\\\/mail.protezione-animali-psa.ch\\\/app\\\/uploads\\\/2024\\\/04\\\/logo-schweizer-tierschutz-sts-1.svg\",\"caption\":\"Schweizer Tierschutz STS\"},\"image\":{\"@id\":\"https:\\\/\\\/sts-psa.ch\\\/fr\\\/#\\\/schema\\\/logo\\\/image\\\/\"},\"sameAs\":[\"https:\\\/\\\/www.facebook.com\\\/schweizertierschutz\\\/\",\"https:\\\/\\\/www.instagram.com\\\/schweizertierschutzsts\\\/\",\"https:\\\/\\\/www.youtube.com\\\/@STS_Tierschutz\",\"https:\\\/\\\/www.linkedin.com\\\/company\\\/schweizertierschutzsts\\\/\"],\"description\":\"Der Schweizer Tierschutz STS ist der Dachverband von 71 Tierschutzorganisationen in allen Sprachregionen der Schweiz und in Liechtenstein. Seine Mitarbeitenden leisten wissenschaftlich fundierte Grundlagenarbeit, setzen sich mit Projekten und Aktionen f\u00fcr den Schutz und das Wohlbefinden von Heim-, Wild-, Nutz- und Versuchstieren ein und sensibilisieren die \u00d6ffentlichkeit f\u00fcr Tierschutzthemen.\",\"email\":\"sts@tierschutz.com\",\"telephone\":\"061 365 99 99\",\"legalName\":\"Schweizer Tierschutz STS\"}]}<\/script>\n<!-- \/ Yoast SEO Premium plugin. -->","yoast_head_json":{"title":"Media - Protezione Svizzera degli Animali PSA","robots":{"index":"index","follow":"follow","max-snippet":"max-snippet:-1","max-image-preview":"max-image-preview:large","max-video-preview":"max-video-preview:-1"},"canonical":"https:\/\/mail.protezione-animali-psa.ch\/it\/chi-siamo\/media\/","og_locale":"it_IT","og_type":"article","og_title":"Media","og_description":"Contatti con i media L&#8217;ufficio media della Protezione svizzera degli animali STS supporta i rappresentanti dei media nelle loro ricerche, [&hellip;]","og_url":"https:\/\/mail.protezione-animali-psa.ch\/it\/chi-siamo\/media\/","og_site_name":"Protezione Svizzera degli Animali PSA","article_publisher":"https:\/\/www.facebook.com\/schweizertierschutz\/","article_modified_time":"2023-11-07T08:19:13+00:00","og_image":[{"url":"https:\/\/tierschutz.com\/app\/uploads\/2023\/11\/schweizer-tierschutz-sts-medien.jpg","type":"","width":"","height":""}],"twitter_card":"summary_large_image","twitter_misc":{"Tempo di lettura stimato":"2 minuti"},"schema":{"@context":"https:\/\/schema.org","@graph":[{"@type":"WebPage","@id":"https:\/\/mail.protezione-animali-psa.ch\/it\/chi-siamo\/media\/","url":"https:\/\/mail.protezione-animali-psa.ch\/it\/chi-siamo\/media\/","name":"Media - Protezione Svizzera degli Animali PSA","isPartOf":{"@id":"https:\/\/sts-psa.ch\/fr\/#website"},"primaryImageOfPage":{"@id":"https:\/\/mail.protezione-animali-psa.ch\/it\/chi-siamo\/media\/#primaryimage"},"image":{"@id":"https:\/\/mail.protezione-animali-psa.ch\/it\/chi-siamo\/media\/#primaryimage"},"thumbnailUrl":"https:\/\/tierschutz.com\/app\/uploads\/2023\/11\/schweizer-tierschutz-sts-medien.jpg","datePublished":"2023-05-04T09:35:18+00:00","dateModified":"2023-11-07T08:19:13+00:00","breadcrumb":{"@id":"https:\/\/mail.protezione-animali-psa.ch\/it\/chi-siamo\/media\/#breadcrumb"},"inLanguage":"it-IT","potentialAction":[{"@type":"ReadAction","target":["https:\/\/mail.protezione-animali-psa.ch\/it\/chi-siamo\/media\/"]}]},{"@type":"ImageObject","inLanguage":"it-IT","@id":"https:\/\/mail.protezione-animali-psa.ch\/it\/chi-siamo\/media\/#primaryimage","url":"https:\/\/tierschutz.com\/app\/uploads\/2023\/11\/schweizer-tierschutz-sts-medien.jpg","contentUrl":"https:\/\/tierschutz.com\/app\/uploads\/2023\/11\/schweizer-tierschutz-sts-medien.jpg"},{"@type":"BreadcrumbList","@id":"https:\/\/mail.protezione-animali-psa.ch\/it\/chi-siamo\/media\/#breadcrumb","itemListElement":[{"@type":"ListItem","position":1,"name":"Pagina iniziale","item":"https:\/\/mail.swiss-animal-protection.ch\/it\/"},{"@type":"ListItem","position":2,"name":"Chi siamo","item":"https:\/\/tierschutz.com\/it\/chi-siamo\/"},{"@type":"ListItem","position":3,"name":"Media"}]},{"@type":"WebSite","@id":"https:\/\/sts-psa.ch\/fr\/#website","url":"https:\/\/sts-psa.ch\/fr\/","name":"tierschutz.com","description":"Wir setzen uns f\u00fcr das Wohl der Tiere ein.","publisher":{"@id":"https:\/\/sts-psa.ch\/fr\/#organization"},"alternateName":"Schweizer Tierschutz STS","potentialAction":[{"@type":"SearchAction","target":{"@type":"EntryPoint","urlTemplate":"https:\/\/sts-psa.ch\/fr\/?s={search_term_string}"},"query-input":{"@type":"PropertyValueSpecification","valueRequired":true,"valueName":"search_term_string"}}],"inLanguage":"it-IT"},{"@type":"Organization","@id":"https:\/\/sts-psa.ch\/fr\/#organization","name":"Schweizer Tierschutz STS","alternateName":"STS","url":"https:\/\/sts-psa.ch\/fr\/","logo":{"@type":"ImageObject","inLanguage":"it-IT","@id":"https:\/\/sts-psa.ch\/fr\/#\/schema\/logo\/image\/","url":"https:\/\/mail.protezione-animali-psa.ch\/app\/uploads\/2024\/04\/logo-schweizer-tierschutz-sts-1.svg","contentUrl":"https:\/\/mail.protezione-animali-psa.ch\/app\/uploads\/2024\/04\/logo-schweizer-tierschutz-sts-1.svg","caption":"Schweizer Tierschutz STS"},"image":{"@id":"https:\/\/sts-psa.ch\/fr\/#\/schema\/logo\/image\/"},"sameAs":["https:\/\/www.facebook.com\/schweizertierschutz\/","https:\/\/www.instagram.com\/schweizertierschutzsts\/","https:\/\/www.youtube.com\/@STS_Tierschutz","https:\/\/www.linkedin.com\/company\/schweizertierschutzsts\/"],"description":"Der Schweizer Tierschutz STS ist der Dachverband von 71 Tierschutzorganisationen in allen Sprachregionen der Schweiz und in Liechtenstein. Seine Mitarbeitenden leisten wissenschaftlich fundierte Grundlagenarbeit, setzen sich mit Projekten und Aktionen f\u00fcr den Schutz und das Wohlbefinden von Heim-, Wild-, Nutz- und Versuchstieren ein und sensibilisieren die \u00d6ffentlichkeit f\u00fcr Tierschutzthemen.","email":"sts@tierschutz.com","telephone":"061 365 99 99","legalName":"Schweizer Tierschutz STS"}]}},"_links":{"self":[{"href":"https:\/\/mail.protezione-animali-psa.ch\/it\/wp-json\/wp\/v2\/pages\/5545","targetHints":{"allow":["GET"]}}],"collection":[{"href":"https:\/\/mail.protezione-animali-psa.ch\/it\/wp-json\/wp\/v2\/pages"}],"about":[{"href":"https:\/\/mail.protezione-animali-psa.ch\/it\/wp-json\/wp\/v2\/types\/page"}],"author":[{"embeddable":true,"href":"https:\/\/mail.protezione-animali-psa.ch\/it\/wp-json\/wp\/v2\/users\/5"}],"replies":[{"embeddable":true,"href":"https:\/\/mail.protezione-animali-psa.ch\/it\/wp-json\/wp\/v2\/comments?post=5545"}],"version-history":[{"count":6,"href":"https:\/\/mail.protezione-animali-psa.ch\/it\/wp-json\/wp\/v2\/pages\/5545\/revisions"}],"predecessor-version":[{"id":12155,"href":"https:\/\/mail.protezione-animali-psa.ch\/it\/wp-json\/wp\/v2\/pages\/5545\/revisions\/12155"}],"up":[{"embeddable":true,"href":"https:\/\/mail.protezione-animali-psa.ch\/it\/wp-json\/wp\/v2\/pages\/6313"}],"wp:attachment":[{"href":"https:\/\/mail.protezione-animali-psa.ch\/it\/wp-json\/wp\/v2\/media?parent=5545"}],"curies":[{"name":"wp","href":"https:\/\/api.w.org\/{rel}","templated":true}]}}