{"id":6231,"date":"2023-05-04T11:28:20","date_gmt":"2023-05-04T09:28:20","guid":{"rendered":"https:\/\/dev.tierschutz.com\/?page_id=6231"},"modified":"2024-01-19T11:26:44","modified_gmt":"2024-01-19T10:26:44","slug":"mediazione-e-acquisto-di-animali","status":"publish","type":"page","link":"https:\/\/mail.protezione-animali-psa.ch\/it\/mediazione-di-animali\/mediazione-e-acquisto-di-animali\/","title":{"rendered":"Mediazione e acquisto di animali"},"content":{"rendered":"\n<div class=\"wp-block-cover alignfull is-light\" style=\"min-height:100vh;aspect-ratio:unset;\"><span aria-hidden=\"true\" class=\"wp-block-cover__background has-background-dim-20 has-background-dim\"><\/span><img loading=\"lazy\" decoding=\"async\" width=\"1416\" height=\"910\" class=\"wp-block-cover__image-background wp-image-1835\" alt=\"\" src=\"https:\/\/tierschutz.com\/app\/uploads\/2023\/05\/STS-Tiervermittlung-kauf.jpg\" data-object-fit=\"cover\" srcset=\"https:\/\/mail.protezione-animali-psa.ch\/app\/uploads\/2023\/05\/STS-Tiervermittlung-kauf.jpg 1416w, https:\/\/mail.protezione-animali-psa.ch\/app\/uploads\/2023\/05\/STS-Tiervermittlung-kauf-300x193.jpg 300w, https:\/\/mail.protezione-animali-psa.ch\/app\/uploads\/2023\/05\/STS-Tiervermittlung-kauf-1024x658.jpg 1024w, https:\/\/mail.protezione-animali-psa.ch\/app\/uploads\/2023\/05\/STS-Tiervermittlung-kauf-768x494.jpg 768w\" sizes=\"auto, (max-width: 1416px) 100vw, 1416px\" \/><div class=\"wp-block-cover__inner-container is-layout-flow wp-block-cover-is-layout-flow\">\n<h1 class=\"wp-block-heading has-text-align-center has-background-color has-text-color\"><strong><strong>Collocazione e adozione di animali<\/strong><\/strong><\/h1>\n<\/div><\/div>\n\n\n\n<div class=\"wp-block-group has-background-background-color has-background is-layout-constrained wp-block-group-is-layout-constrained\">\n<div class=\"wp-block-columns is-layout-flex wp-container-core-columns-is-layout-28f84493 wp-block-columns-is-layout-flex\">\n<div class=\"wp-block-column is-layout-flow wp-block-column-is-layout-flow\">\n<div class=\"wp-block-media-text alignwide is-stacked-on-mobile is-style-stacked-shadow no-inset\"><figure class=\"wp-block-media-text__media\"><img loading=\"lazy\" decoding=\"async\" width=\"1024\" height=\"658\" src=\"https:\/\/tierschutz.com\/app\/uploads\/2023\/05\/STS-Tier-adoptieren-1024x658.jpg\" alt=\"Ein Welpe wie es auf ein graues Objekt kaut auf einer Wiese\" class=\"wp-image-1796 size-full\" srcset=\"https:\/\/mail.protezione-animali-psa.ch\/app\/uploads\/2023\/05\/STS-Tier-adoptieren-1024x658.jpg 1024w, https:\/\/mail.protezione-animali-psa.ch\/app\/uploads\/2023\/05\/STS-Tier-adoptieren-300x193.jpg 300w, https:\/\/mail.protezione-animali-psa.ch\/app\/uploads\/2023\/05\/STS-Tier-adoptieren-768x494.jpg 768w, https:\/\/mail.protezione-animali-psa.ch\/app\/uploads\/2023\/05\/STS-Tier-adoptieren.jpg 1416w\" sizes=\"auto, (max-width: 1024px) 100vw, 1024px\" \/><\/figure><div class=\"wp-block-media-text__content\">\n<h3 class=\"wp-block-heading\"><strong>Rifugi e pensioni per animali<\/strong><\/h3>\n\n\n\n<p>Volete prendere un animale dal rifugio o state andando in vacanza e avete bisogno di una pensione? Qui trovate l&#8217;elenco completo delle istituzioni.<\/p>\n\n\n\n<div class=\"wp-block-buttons is-layout-flex wp-block-buttons-is-layout-flex\">\n<div class=\"wp-block-button\"><a class=\"wp-block-button__link wp-element-button\" href=\"https:\/\/tierschutz.com\/it\/mediazione-di-animali\/mediazione-e-acquisto-di-animali\/rifugi-e-pensioni-per-animali\/\">Per saperne di pi\u00f9<\/a><\/div>\n<\/div>\n<\/div><\/div>\n<\/div>\n\n\n\n<div class=\"wp-block-column is-layout-flow wp-block-column-is-layout-flow\">\n<div class=\"wp-block-media-text alignwide is-stacked-on-mobile is-style-stacked-shadow no-inset\"><figure class=\"wp-block-media-text__media\"><img loading=\"lazy\" decoding=\"async\" width=\"1024\" height=\"658\" src=\"https:\/\/tierschutz.com\/app\/uploads\/2023\/05\/STS-Tiervermittlungsplattform_Detail-1024x658.jpg\" alt=\"Ein Hund mit langen Haaren im Schnee\" class=\"wp-image-1817 size-full\" srcset=\"https:\/\/mail.protezione-animali-psa.ch\/app\/uploads\/2023\/05\/STS-Tiervermittlungsplattform_Detail-1024x658.jpg 1024w, https:\/\/mail.protezione-animali-psa.ch\/app\/uploads\/2023\/05\/STS-Tiervermittlungsplattform_Detail-300x193.jpg 300w, https:\/\/mail.protezione-animali-psa.ch\/app\/uploads\/2023\/05\/STS-Tiervermittlungsplattform_Detail-768x494.jpg 768w, https:\/\/mail.protezione-animali-psa.ch\/app\/uploads\/2023\/05\/STS-Tiervermittlungsplattform_Detail.jpg 1416w\" sizes=\"auto, (max-width: 1024px) 100vw, 1024px\" \/><\/figure><div class=\"wp-block-media-text__content\">\n<h3 class=\"wp-block-heading\"><strong>Adopt a pet<\/strong><\/h3>\n\n\n\n<p>Conoscete i nostri animali!<\/p>\n\n\n\n<div class=\"wp-block-buttons is-layout-flex wp-block-buttons-is-layout-flex\">\n<div class=\"wp-block-button\"><a class=\"wp-block-button__link wp-element-button\" href=\"https:\/\/tierschutz.com\/it\/mediazione-di-animali\/mediazione-e-acquisto-di-animali\/adopt-a-pet\/\">Per saperne di pi\u00f9<\/a><\/div>\n<\/div>\n<\/div><\/div>\n<\/div>\n<\/div>\n\n\n\n<div class=\"wp-block-columns is-layout-flex wp-container-core-columns-is-layout-28f84493 wp-block-columns-is-layout-flex\">\n<div class=\"wp-block-column is-layout-flow wp-block-column-is-layout-flow\"><\/div>\n\n\n\n<div class=\"wp-block-column is-layout-flow wp-block-column-is-layout-flow\"><\/div>\n<\/div>\n<\/div>\n","protected":false},"excerpt":{"rendered":"<p>Rifugi e pensioni per animali Volete prendere un animale dal rifugio o state andando in vacanza e avete bisogno di [&hellip;]<\/p>\n","protected":false},"author":5,"featured_media":0,"parent":7024,"menu_order":162,"comment_status":"closed","ping_status":"closed","template":"","meta":{"_acf_changed":false,"inline_featured_image":false,"_vp_format_video_url":"","_vp_image_focal_point":[],"footnotes":""},"class_list":["post-6231","page","type-page","status-publish","hentry"],"acf":[],"yoast_head":"<!-- This site is optimized with the Yoast SEO Premium plugin v27.4 (Yoast SEO v27.4) - https:\/\/yoast.com\/product\/yoast-seo-premium-wordpress\/ -->\n<title>Mediazione e acquisto di animali - Protezione Svizzera degli Animali PSA<\/title>\n<meta name=\"robots\" content=\"index, follow, max-snippet:-1, max-image-preview:large, max-video-preview:-1\" \/>\n<link rel=\"canonical\" href=\"https:\/\/mail.protezione-animali-psa.ch\/it\/mediazione-di-animali\/mediazione-e-acquisto-di-animali\/\" \/>\n<meta property=\"og:locale\" content=\"it_IT\" \/>\n<meta property=\"og:type\" content=\"article\" \/>\n<meta property=\"og:title\" content=\"Mediazione e acquisto di animali\" \/>\n<meta property=\"og:description\" content=\"Rifugi e pensioni per animali Volete prendere un animale dal rifugio o state andando in vacanza e avete bisogno di [&hellip;]\" \/>\n<meta property=\"og:url\" content=\"https:\/\/mail.protezione-animali-psa.ch\/it\/mediazione-di-animali\/mediazione-e-acquisto-di-animali\/\" \/>\n<meta property=\"og:site_name\" content=\"Protezione Svizzera degli Animali PSA\" \/>\n<meta property=\"article:publisher\" content=\"https:\/\/www.facebook.com\/schweizertierschutz\/\" \/>\n<meta property=\"article:modified_time\" content=\"2024-01-19T10:26:44+00:00\" \/>\n<meta property=\"og:image\" content=\"https:\/\/tierschutz.com\/app\/uploads\/2023\/05\/STS-Tiervermittlung-kauf.jpg\" \/>\n<meta name=\"twitter:card\" content=\"summary_large_image\" \/>\n<meta name=\"twitter:label1\" content=\"Tempo di lettura stimato\" \/>\n\t<meta name=\"twitter:data1\" content=\"1 minuto\" \/>\n<script type=\"application\/ld+json\" class=\"yoast-schema-graph\">{\"@context\":\"https:\\\/\\\/schema.org\",\"@graph\":[{\"@type\":\"WebPage\",\"@id\":\"https:\\\/\\\/mail.protezione-animali-psa.ch\\\/it\\\/mediazione-di-animali\\\/mediazione-e-acquisto-di-animali\\\/\",\"url\":\"https:\\\/\\\/mail.protezione-animali-psa.ch\\\/it\\\/mediazione-di-animali\\\/mediazione-e-acquisto-di-animali\\\/\",\"name\":\"Mediazione e acquisto di animali - Protezione Svizzera degli Animali PSA\",\"isPartOf\":{\"@id\":\"https:\\\/\\\/sts-psa.ch\\\/fr\\\/#website\"},\"primaryImageOfPage\":{\"@id\":\"https:\\\/\\\/mail.protezione-animali-psa.ch\\\/it\\\/mediazione-di-animali\\\/mediazione-e-acquisto-di-animali\\\/#primaryimage\"},\"image\":{\"@id\":\"https:\\\/\\\/mail.protezione-animali-psa.ch\\\/it\\\/mediazione-di-animali\\\/mediazione-e-acquisto-di-animali\\\/#primaryimage\"},\"thumbnailUrl\":\"https:\\\/\\\/tierschutz.com\\\/app\\\/uploads\\\/2023\\\/05\\\/STS-Tiervermittlung-kauf.jpg\",\"datePublished\":\"2023-05-04T09:28:20+00:00\",\"dateModified\":\"2024-01-19T10:26:44+00:00\",\"breadcrumb\":{\"@id\":\"https:\\\/\\\/mail.protezione-animali-psa.ch\\\/it\\\/mediazione-di-animali\\\/mediazione-e-acquisto-di-animali\\\/#breadcrumb\"},\"inLanguage\":\"it-IT\",\"potentialAction\":[{\"@type\":\"ReadAction\",\"target\":[\"https:\\\/\\\/mail.protezione-animali-psa.ch\\\/it\\\/mediazione-di-animali\\\/mediazione-e-acquisto-di-animali\\\/\"]}]},{\"@type\":\"ImageObject\",\"inLanguage\":\"it-IT\",\"@id\":\"https:\\\/\\\/mail.protezione-animali-psa.ch\\\/it\\\/mediazione-di-animali\\\/mediazione-e-acquisto-di-animali\\\/#primaryimage\",\"url\":\"https:\\\/\\\/tierschutz.com\\\/app\\\/uploads\\\/2023\\\/05\\\/STS-Tiervermittlung-kauf.jpg\",\"contentUrl\":\"https:\\\/\\\/tierschutz.com\\\/app\\\/uploads\\\/2023\\\/05\\\/STS-Tiervermittlung-kauf.jpg\"},{\"@type\":\"BreadcrumbList\",\"@id\":\"https:\\\/\\\/mail.protezione-animali-psa.ch\\\/it\\\/mediazione-di-animali\\\/mediazione-e-acquisto-di-animali\\\/#breadcrumb\",\"itemListElement\":[{\"@type\":\"ListItem\",\"position\":1,\"name\":\"Pagina iniziale\",\"item\":\"https:\\\/\\\/mail.swiss-animal-protection.ch\\\/it\\\/\"},{\"@type\":\"ListItem\",\"position\":2,\"name\":\"Mediazione di animali\",\"item\":\"https:\\\/\\\/tierschutz.com\\\/it\\\/mediazione-di-animali\\\/\"},{\"@type\":\"ListItem\",\"position\":3,\"name\":\"Mediazione e acquisto di animali\"}]},{\"@type\":\"WebSite\",\"@id\":\"https:\\\/\\\/sts-psa.ch\\\/fr\\\/#website\",\"url\":\"https:\\\/\\\/sts-psa.ch\\\/fr\\\/\",\"name\":\"tierschutz.com\",\"description\":\"Wir setzen uns f\u00fcr das Wohl der Tiere ein.\",\"publisher\":{\"@id\":\"https:\\\/\\\/sts-psa.ch\\\/fr\\\/#organization\"},\"alternateName\":\"Schweizer Tierschutz STS\",\"potentialAction\":[{\"@type\":\"SearchAction\",\"target\":{\"@type\":\"EntryPoint\",\"urlTemplate\":\"https:\\\/\\\/sts-psa.ch\\\/fr\\\/?s={search_term_string}\"},\"query-input\":{\"@type\":\"PropertyValueSpecification\",\"valueRequired\":true,\"valueName\":\"search_term_string\"}}],\"inLanguage\":\"it-IT\"},{\"@type\":\"Organization\",\"@id\":\"https:\\\/\\\/sts-psa.ch\\\/fr\\\/#organization\",\"name\":\"Schweizer Tierschutz STS\",\"alternateName\":\"STS\",\"url\":\"https:\\\/\\\/sts-psa.ch\\\/fr\\\/\",\"logo\":{\"@type\":\"ImageObject\",\"inLanguage\":\"it-IT\",\"@id\":\"https:\\\/\\\/sts-psa.ch\\\/fr\\\/#\\\/schema\\\/logo\\\/image\\\/\",\"url\":\"https:\\\/\\\/mail.protezione-animali-psa.ch\\\/app\\\/uploads\\\/2024\\\/04\\\/logo-schweizer-tierschutz-sts-1.svg\",\"contentUrl\":\"https:\\\/\\\/mail.protezione-animali-psa.ch\\\/app\\\/uploads\\\/2024\\\/04\\\/logo-schweizer-tierschutz-sts-1.svg\",\"caption\":\"Schweizer Tierschutz STS\"},\"image\":{\"@id\":\"https:\\\/\\\/sts-psa.ch\\\/fr\\\/#\\\/schema\\\/logo\\\/image\\\/\"},\"sameAs\":[\"https:\\\/\\\/www.facebook.com\\\/schweizertierschutz\\\/\",\"https:\\\/\\\/www.instagram.com\\\/schweizertierschutzsts\\\/\",\"https:\\\/\\\/www.youtube.com\\\/@STS_Tierschutz\",\"https:\\\/\\\/www.linkedin.com\\\/company\\\/schweizertierschutzsts\\\/\"],\"description\":\"Der Schweizer Tierschutz STS ist der Dachverband von 71 Tierschutzorganisationen in allen Sprachregionen der Schweiz und in Liechtenstein. Seine Mitarbeitenden leisten wissenschaftlich fundierte Grundlagenarbeit, setzen sich mit Projekten und Aktionen f\u00fcr den Schutz und das Wohlbefinden von Heim-, Wild-, Nutz- und Versuchstieren ein und sensibilisieren die \u00d6ffentlichkeit f\u00fcr Tierschutzthemen.\",\"email\":\"sts@tierschutz.com\",\"telephone\":\"061 365 99 99\",\"legalName\":\"Schweizer Tierschutz STS\"}]}<\/script>\n<!-- \/ Yoast SEO Premium plugin. -->","yoast_head_json":{"title":"Mediazione e acquisto di animali - Protezione Svizzera degli Animali PSA","robots":{"index":"index","follow":"follow","max-snippet":"max-snippet:-1","max-image-preview":"max-image-preview:large","max-video-preview":"max-video-preview:-1"},"canonical":"https:\/\/mail.protezione-animali-psa.ch\/it\/mediazione-di-animali\/mediazione-e-acquisto-di-animali\/","og_locale":"it_IT","og_type":"article","og_title":"Mediazione e acquisto di animali","og_description":"Rifugi e pensioni per animali Volete prendere un animale dal rifugio o state andando in vacanza e avete bisogno di [&hellip;]","og_url":"https:\/\/mail.protezione-animali-psa.ch\/it\/mediazione-di-animali\/mediazione-e-acquisto-di-animali\/","og_site_name":"Protezione Svizzera degli Animali PSA","article_publisher":"https:\/\/www.facebook.com\/schweizertierschutz\/","article_modified_time":"2024-01-19T10:26:44+00:00","og_image":[{"url":"https:\/\/tierschutz.com\/app\/uploads\/2023\/05\/STS-Tiervermittlung-kauf.jpg","type":"","width":"","height":""}],"twitter_card":"summary_large_image","twitter_misc":{"Tempo di lettura stimato":"1 minuto"},"schema":{"@context":"https:\/\/schema.org","@graph":[{"@type":"WebPage","@id":"https:\/\/mail.protezione-animali-psa.ch\/it\/mediazione-di-animali\/mediazione-e-acquisto-di-animali\/","url":"https:\/\/mail.protezione-animali-psa.ch\/it\/mediazione-di-animali\/mediazione-e-acquisto-di-animali\/","name":"Mediazione e acquisto di animali - Protezione Svizzera degli Animali PSA","isPartOf":{"@id":"https:\/\/sts-psa.ch\/fr\/#website"},"primaryImageOfPage":{"@id":"https:\/\/mail.protezione-animali-psa.ch\/it\/mediazione-di-animali\/mediazione-e-acquisto-di-animali\/#primaryimage"},"image":{"@id":"https:\/\/mail.protezione-animali-psa.ch\/it\/mediazione-di-animali\/mediazione-e-acquisto-di-animali\/#primaryimage"},"thumbnailUrl":"https:\/\/tierschutz.com\/app\/uploads\/2023\/05\/STS-Tiervermittlung-kauf.jpg","datePublished":"2023-05-04T09:28:20+00:00","dateModified":"2024-01-19T10:26:44+00:00","breadcrumb":{"@id":"https:\/\/mail.protezione-animali-psa.ch\/it\/mediazione-di-animali\/mediazione-e-acquisto-di-animali\/#breadcrumb"},"inLanguage":"it-IT","potentialAction":[{"@type":"ReadAction","target":["https:\/\/mail.protezione-animali-psa.ch\/it\/mediazione-di-animali\/mediazione-e-acquisto-di-animali\/"]}]},{"@type":"ImageObject","inLanguage":"it-IT","@id":"https:\/\/mail.protezione-animali-psa.ch\/it\/mediazione-di-animali\/mediazione-e-acquisto-di-animali\/#primaryimage","url":"https:\/\/tierschutz.com\/app\/uploads\/2023\/05\/STS-Tiervermittlung-kauf.jpg","contentUrl":"https:\/\/tierschutz.com\/app\/uploads\/2023\/05\/STS-Tiervermittlung-kauf.jpg"},{"@type":"BreadcrumbList","@id":"https:\/\/mail.protezione-animali-psa.ch\/it\/mediazione-di-animali\/mediazione-e-acquisto-di-animali\/#breadcrumb","itemListElement":[{"@type":"ListItem","position":1,"name":"Pagina iniziale","item":"https:\/\/mail.swiss-animal-protection.ch\/it\/"},{"@type":"ListItem","position":2,"name":"Mediazione di animali","item":"https:\/\/tierschutz.com\/it\/mediazione-di-animali\/"},{"@type":"ListItem","position":3,"name":"Mediazione e acquisto di animali"}]},{"@type":"WebSite","@id":"https:\/\/sts-psa.ch\/fr\/#website","url":"https:\/\/sts-psa.ch\/fr\/","name":"tierschutz.com","description":"Wir setzen uns f\u00fcr das Wohl der Tiere ein.","publisher":{"@id":"https:\/\/sts-psa.ch\/fr\/#organization"},"alternateName":"Schweizer Tierschutz STS","potentialAction":[{"@type":"SearchAction","target":{"@type":"EntryPoint","urlTemplate":"https:\/\/sts-psa.ch\/fr\/?s={search_term_string}"},"query-input":{"@type":"PropertyValueSpecification","valueRequired":true,"valueName":"search_term_string"}}],"inLanguage":"it-IT"},{"@type":"Organization","@id":"https:\/\/sts-psa.ch\/fr\/#organization","name":"Schweizer Tierschutz STS","alternateName":"STS","url":"https:\/\/sts-psa.ch\/fr\/","logo":{"@type":"ImageObject","inLanguage":"it-IT","@id":"https:\/\/sts-psa.ch\/fr\/#\/schema\/logo\/image\/","url":"https:\/\/mail.protezione-animali-psa.ch\/app\/uploads\/2024\/04\/logo-schweizer-tierschutz-sts-1.svg","contentUrl":"https:\/\/mail.protezione-animali-psa.ch\/app\/uploads\/2024\/04\/logo-schweizer-tierschutz-sts-1.svg","caption":"Schweizer Tierschutz STS"},"image":{"@id":"https:\/\/sts-psa.ch\/fr\/#\/schema\/logo\/image\/"},"sameAs":["https:\/\/www.facebook.com\/schweizertierschutz\/","https:\/\/www.instagram.com\/schweizertierschutzsts\/","https:\/\/www.youtube.com\/@STS_Tierschutz","https:\/\/www.linkedin.com\/company\/schweizertierschutzsts\/"],"description":"Der Schweizer Tierschutz STS ist der Dachverband von 71 Tierschutzorganisationen in allen Sprachregionen der Schweiz und in Liechtenstein. Seine Mitarbeitenden leisten wissenschaftlich fundierte Grundlagenarbeit, setzen sich mit Projekten und Aktionen f\u00fcr den Schutz und das Wohlbefinden von Heim-, Wild-, Nutz- und Versuchstieren ein und sensibilisieren die \u00d6ffentlichkeit f\u00fcr Tierschutzthemen.","email":"sts@tierschutz.com","telephone":"061 365 99 99","legalName":"Schweizer Tierschutz STS"}]}},"_links":{"self":[{"href":"https:\/\/mail.protezione-animali-psa.ch\/it\/wp-json\/wp\/v2\/pages\/6231","targetHints":{"allow":["GET"]}}],"collection":[{"href":"https:\/\/mail.protezione-animali-psa.ch\/it\/wp-json\/wp\/v2\/pages"}],"about":[{"href":"https:\/\/mail.protezione-animali-psa.ch\/it\/wp-json\/wp\/v2\/types\/page"}],"author":[{"embeddable":true,"href":"https:\/\/mail.protezione-animali-psa.ch\/it\/wp-json\/wp\/v2\/users\/5"}],"replies":[{"embeddable":true,"href":"https:\/\/mail.protezione-animali-psa.ch\/it\/wp-json\/wp\/v2\/comments?post=6231"}],"version-history":[{"count":3,"href":"https:\/\/mail.protezione-animali-psa.ch\/it\/wp-json\/wp\/v2\/pages\/6231\/revisions"}],"predecessor-version":[{"id":13896,"href":"https:\/\/mail.protezione-animali-psa.ch\/it\/wp-json\/wp\/v2\/pages\/6231\/revisions\/13896"}],"up":[{"embeddable":true,"href":"https:\/\/mail.protezione-animali-psa.ch\/it\/wp-json\/wp\/v2\/pages\/7024"}],"wp:attachment":[{"href":"https:\/\/mail.protezione-animali-psa.ch\/it\/wp-json\/wp\/v2\/media?parent=6231"}],"curies":[{"name":"wp","href":"https:\/\/api.w.org\/{rel}","templated":true}]}}